{"id":3229,"date":"2022-05-20T08:28:53","date_gmt":"2022-05-20T08:28:53","guid":{"rendered":"https:\/\/studenti.uniroma2.it\/?page_id=3229"},"modified":"2022-05-20T09:10:57","modified_gmt":"2022-05-20T09:10:57","slug":"3229-2","status":"publish","type":"page","link":"https:\/\/www-2023.studenti.uniroma2.it\/en\/3229-2\/","title":{"rendered":"Segreteria Economia"},"content":{"rendered":"<p><img loading=\"lazy\" decoding=\"async\" class=\"aligncenter wp-image-3231\" src=\"http:\/\/studenti.uniroma2.it\/wp-content\/uploads\/2022\/05\/immagine-tor-vergata-1-690x400.jpg\" alt=\"\" width=\"605\" height=\"351\" \/><\/p>\n<p><span style=\"color: #000000;\"><strong>E-mail<\/strong><\/span><br \/>\n<span style=\"text-decoration: underline; color: #000000;\"><em>segreteria-studenti@economia.uniroma2.it<\/em><\/span><\/p>\n<p><span style=\"color: #000000;\"><strong>Ricevimento<\/strong><\/span><br \/>\nLuned\u00ec\u00a0 \u00a0 \u00a0 09.00 \u2013 12.00<br \/>\nMercoled\u00ec 09.00 \u2013 12.00 , 14.00 \u2013 16.00<br \/>\nVenerd\u00ec\u00a0 \u00a0 09.00 \u2013 12.00<\/p>\n<p><span style=\"color: #000000;\"><strong>Sede<\/strong><\/span><br \/>\nVia Columbia 2<br \/>\n00133 Roma<\/p>\n<p><span style=\"color: #000000;\"><strong>Contatti telefonici<\/strong><\/span><br \/>\n+39 06 7259-5839\/5841\/5836<\/p>\n<p style=\"text-align: left;\"><span style=\"color: #000000;\">Per prenotare un&#8217;appuntamento con operatore in presenza<\/span><\/p>\n<div class=\"su-button-center\"><a href=\"https:\/\/prenotazioni.uniroma2.it\/servizi-in-sede-economia\/\" class=\"su-button su-button-style-glass su-button-wide\" style=\"color:#ffffff;background-color:#0924d6;border-color:#081dac;border-radius:12px\" target=\"_self\" title=\"Student Affairs Office - School of Economics\"><span style=\"color:#ffffff;padding:0px 30px;font-size:22px;line-height:44px;border-color:#5366e3;border-radius:12px;text-shadow:none\"> Access here<\/span><\/a><\/div>\n<p>&nbsp;<\/p>\n<h6 style=\"text-align: justify;\">(1) Le informazioni di carattere personale vengono rilasciate esclusivamente all\u2019interessato, oppure a terzi muniti di documento di identit\u00e0 in corso di validit\u00e0, nonch\u00e9 di delega sottoscritta, accompagnata dalla copia del documento di identit\u00e0 dello studente richiedente.<\/h6>\n<h6 style=\"text-align: justify;\">(2) Per l\u2019impossibilit\u00e0 di verificare l\u2019identit\u00e0 del chiamante,\u00a0non si possono\u00a0 fornire informazioni riguardanti dati personali e sensibili\u00a0tutelati dalla legge sulla privacy<\/h6>\n<p>Avviso<br \/>\nThe Student Office exclusively offer services via telephone or email, with in-person appointments available strictly through prior scheduling.<br \/>\nRicordati di indicare nei tuoi messaggi:<br \/>\ncognome, nome, oggetto della richiesta e numero di matricola (se in tuo possesso)<br \/>\nCOME POSSIAMO AIUTARTI?<\/p>\n<p><strong>I nostri servizi: <\/strong>Ci occupiamo dei procedimenti e adempimenti amministrativi legati alla Tua attivit\u00e0 di studente (immatricolazioni, trasferimenti, passaggi, tasse, scadenze ect)<\/p>\n<p style=\"text-align: center;\"><span style=\"color: #000000;\"><em><strong><a style=\"color: #000000;\" role=\"button\" href=\"https:\/\/economia.uniroma2.it\/\"><br \/>\n<\/a><\/strong><a style=\"color: #000000;\" role=\"button\" href=\"https:\/\/economia.uniroma2.it\/\"><span style=\"text-decoration: underline;\"><span style=\"color: #0000ff; text-decoration: underline;\">Fai clic qui per il sito di Economia<\/span><\/span><\/a><strong><a style=\"color: #000000;\" role=\"button\" href=\"https:\/\/economia.uniroma2.it\/\"><br \/>\n<\/a><\/strong><\/em><\/span><br \/>\n<span style=\"color: #000000;\"><em><strong><a style=\"color: #000000;\" role=\"button\" href=\"https:\/\/orientamento.uniroma2.it\/economia\/\"><br \/>\n<\/a><\/strong><a style=\"color: #000000;\" role=\"button\" href=\"https:\/\/orientamento.uniroma2.it\/economia\/\"><span style=\"text-decoration: underline; color: #0000ff;\">F<\/span><\/a><a style=\"color: #000000;\" role=\"button\" href=\"https:\/\/orientamento.uniroma2.it\/economia\/\"><span style=\"text-decoration: underline; color: #0000ff;\">ai clic qui per l&#8217;offerta formativa di Economia<\/span><br \/>\n<\/a><\/em><\/span><br \/>\n<span style=\"color: #000000;\">DOVE SIAMO?<\/span><br \/>\n<iframe title=\"via columbia 2 \" src=\"https:\/\/maps.google.com\/maps?q=via%20columbia%202%20&amp;t=m&amp;z=10&amp;output=embed&amp;iwloc=near\" frameborder=\"0\" marginwidth=\"0\" marginheight=\"0\" scrolling=\"no\" aria-label=\"via columbia 2 \" data-mce-fragment=\"1\"><\/iframe><br \/>\n<a role=\"button\" href=\"http:\/\/studenti.uniroma2.it\/moduli-per-studenti\/\"><br \/>\n<em><span style=\"color: #0000ff;\"><span style=\"text-decoration: underline;\">Click here to download the relevant forms<\/span><\/span><\/em><br \/>\n<\/a><br \/>\n<em><span style=\"color: #0000ff;\"><span style=\"text-decoration: underline;\"><a style=\"color: #0000ff; text-decoration: underline;\" role=\"button\" href=\"http:\/\/studenti.uniroma2.it\/faq-tor-vergata\/\"><br \/>\nClick here to consult the FAQ<\/a><\/span><\/span><\/em><\/p>\n<div class=\"pvc_clear\"><\/div>\n<p id=\"pvc_stats_3229\" class=\"pvc_stats all\" data-element-id=\"3229\" style=\"\"><i class=\"pvc-stats-icon medium\" aria-hidden=\"true\"><svg xmlns=\"http:\/\/www.w3.org\/2000\/svg\" version=\"1.0\" viewbox=\"0 0 502 315\" preserveaspectratio=\"xMidYMid meet\"><g transform=\"translate(0,332) scale(0.1,-0.1)\" fill=\"\" stroke=\"none\"><path d=\"M2394 3279 l-29 -30 -3 -207 c-2 -182 0 -211 15 -242 39 -76 157 -76 196 0 15 31 17 60 15 243 l-3 209 -33 29 c-26 23 -41 29 -80 29 -41 0 -53 -5 -78 -31z\"\/><path d=\"M3085 3251 c-45 -19 -58 -50 -96 -229 -47 -217 -49 -260 -13 -295 52 -53 146 -42 177 20 16 31 87 366 87 410 0 70 -86 122 -155 94z\"\/><path d=\"M1751 3234 c-13 -9 -29 -31 -37 -50 -12 -29 -10 -49 21 -204 19 -94 39 -189 45 -210 14 -50 54 -80 110 -80 34 0 48 6 76 34 21 21 34 44 34 59 0 14 -18 113 -40 219 -37 178 -43 195 -70 221 -36 32 -101 37 -139 11z\"\/><path d=\"M1163 3073 c-36 -7 -73 -59 -73 -102 0 -56 133 -378 171 -413 34 -32 83 -37 129 -13 70 36 67 87 -16 290 -86 209 -89 214 -129 231 -35 14 -42 15 -82 7z\"\/><path d=\"M3689 3066 c-15 -9 -33 -30 -42 -48 -48 -103 -147 -355 -147 -375 0 -98 131 -148 192 -74 13 15 57 108 97 206 80 196 84 226 37 273 -30 30 -99 39 -137 18z\"\/><path d=\"M583 2784 c-38 -19 -67 -74 -58 -113 9 -42 211 -354 242 -373 16 -10 45 -18 66 -18 51 0 107 52 107 100 0 39 -1 41 -124 234 -80 126 -108 162 -133 173 -41 17 -61 16 -100 -3z\"\/><path d=\"M4250 2784 c-14 -9 -74 -91 -133 -183 -95 -150 -107 -173 -107 -213 0 -55 33 -94 87 -104 67 -13 90 8 211 198 130 202 137 225 78 284 -27 27 -42 34 -72 34 -22 0 -50 -8 -64 -16z\"\/><path d=\"M2275 2693 c-553 -48 -1095 -270 -1585 -649 -135 -104 -459 -423 -483 -476 -23 -49 -22 -139 2 -186 73 -142 361 -457 571 -626 285 -228 642 -407 990 -497 242 -63 336 -73 660 -74 310 0 370 5 595 52 535 111 1045 392 1455 803 122 121 250 273 275 326 19 41 19 137 0 174 -41 79 -309 363 -465 492 -447 370 -946 591 -1479 653 -113 14 -422 18 -536 8z m395 -428 c171 -34 330 -124 456 -258 112 -119 167 -219 211 -378 27 -96 24 -300 -5 -401 -72 -255 -236 -447 -474 -557 -132 -62 -201 -76 -368 -76 -167 0 -236 14 -368 76 -213 98 -373 271 -451 485 -162 444 86 934 547 1084 153 49 292 57 452 25z m909 -232 c222 -123 408 -262 593 -441 76 -74 138 -139 138 -144 0 -16 -233 -242 -330 -319 -155 -123 -309 -223 -461 -299 l-81 -41 32 46 c18 26 49 83 70 128 143 306 141 649 -6 957 -25 52 -61 116 -79 142 l-34 47 45 -20 c26 -10 76 -36 113 -56z m-2057 25 c-40 -58 -105 -190 -130 -263 -110 -324 -59 -707 132 -981 25 -35 42 -64 37 -64 -19 0 -241 119 -326 174 -188 122 -406 314 -532 468 l-58 71 108 103 c185 178 428 349 672 473 66 33 121 60 123 61 2 0 -10 -19 -26 -42z\"\/><path d=\"M2375 1950 c-198 -44 -350 -190 -395 -379 -18 -76 -8 -221 19 -290 114 -284 457 -406 731 -260 98 52 188 154 231 260 27 69 37 214 19 290 -38 163 -166 304 -326 360 -67 23 -215 33 -279 19z\"\/><\/g><\/svg><\/i> <img loading=\"lazy\" decoding=\"async\" width=\"16\" height=\"16\" alt=\"Loading\" src=\"https:\/\/www-2023.studenti.uniroma2.it\/wp-content\/plugins\/page-views-count\/ajax-loader-2x.gif\" border=\"0\" \/><\/p>\n<div class=\"pvc_clear\"><\/div>","protected":false},"excerpt":{"rendered":"<p>E-mail segreteria-studenti@economia.uniroma2.it Ricevimento Luned\u00ec\u00a0 \u00a0 \u00a0 09.00 \u2013 12.00 Mercoled\u00ec 09.00 \u2013 12.00 , 14.00 \u2013 16.00 Venerd\u00ec\u00a0 \u00a0 09.00 \u2013 12.00 Sede Via Columbia 2 00133 Roma Contatti telefonici +39 06 7259-5839\/5841\/5836 Per prenotare un&#8217;appuntamento con operatore in presenza &nbsp; (1) Le informazioni di carattere personale vengono rilasciate esclusivamente all\u2019interessato, oppure a terzi muniti&hellip;<\/p>\n<div class=\"pvc_clear\"><\/div>\n<p id=\"pvc_stats_3229\" class=\"pvc_stats all\" data-element-id=\"3229\" style=\"\"><i class=\"pvc-stats-icon medium\" aria-hidden=\"true\"><svg xmlns=\"http:\/\/www.w3.org\/2000\/svg\" version=\"1.0\" viewbox=\"0 0 502 315\" preserveaspectratio=\"xMidYMid meet\"><g transform=\"translate(0,332) scale(0.1,-0.1)\" fill=\"\" stroke=\"none\"><path d=\"M2394 3279 l-29 -30 -3 -207 c-2 -182 0 -211 15 -242 39 -76 157 -76 196 0 15 31 17 60 15 243 l-3 209 -33 29 c-26 23 -41 29 -80 29 -41 0 -53 -5 -78 -31z\"\/><path d=\"M3085 3251 c-45 -19 -58 -50 -96 -229 -47 -217 -49 -260 -13 -295 52 -53 146 -42 177 20 16 31 87 366 87 410 0 70 -86 122 -155 94z\"\/><path d=\"M1751 3234 c-13 -9 -29 -31 -37 -50 -12 -29 -10 -49 21 -204 19 -94 39 -189 45 -210 14 -50 54 -80 110 -80 34 0 48 6 76 34 21 21 34 44 34 59 0 14 -18 113 -40 219 -37 178 -43 195 -70 221 -36 32 -101 37 -139 11z\"\/><path d=\"M1163 3073 c-36 -7 -73 -59 -73 -102 0 -56 133 -378 171 -413 34 -32 83 -37 129 -13 70 36 67 87 -16 290 -86 209 -89 214 -129 231 -35 14 -42 15 -82 7z\"\/><path d=\"M3689 3066 c-15 -9 -33 -30 -42 -48 -48 -103 -147 -355 -147 -375 0 -98 131 -148 192 -74 13 15 57 108 97 206 80 196 84 226 37 273 -30 30 -99 39 -137 18z\"\/><path d=\"M583 2784 c-38 -19 -67 -74 -58 -113 9 -42 211 -354 242 -373 16 -10 45 -18 66 -18 51 0 107 52 107 100 0 39 -1 41 -124 234 -80 126 -108 162 -133 173 -41 17 -61 16 -100 -3z\"\/><path d=\"M4250 2784 c-14 -9 -74 -91 -133 -183 -95 -150 -107 -173 -107 -213 0 -55 33 -94 87 -104 67 -13 90 8 211 198 130 202 137 225 78 284 -27 27 -42 34 -72 34 -22 0 -50 -8 -64 -16z\"\/><path d=\"M2275 2693 c-553 -48 -1095 -270 -1585 -649 -135 -104 -459 -423 -483 -476 -23 -49 -22 -139 2 -186 73 -142 361 -457 571 -626 285 -228 642 -407 990 -497 242 -63 336 -73 660 -74 310 0 370 5 595 52 535 111 1045 392 1455 803 122 121 250 273 275 326 19 41 19 137 0 174 -41 79 -309 363 -465 492 -447 370 -946 591 -1479 653 -113 14 -422 18 -536 8z m395 -428 c171 -34 330 -124 456 -258 112 -119 167 -219 211 -378 27 -96 24 -300 -5 -401 -72 -255 -236 -447 -474 -557 -132 -62 -201 -76 -368 -76 -167 0 -236 14 -368 76 -213 98 -373 271 -451 485 -162 444 86 934 547 1084 153 49 292 57 452 25z m909 -232 c222 -123 408 -262 593 -441 76 -74 138 -139 138 -144 0 -16 -233 -242 -330 -319 -155 -123 -309 -223 -461 -299 l-81 -41 32 46 c18 26 49 83 70 128 143 306 141 649 -6 957 -25 52 -61 116 -79 142 l-34 47 45 -20 c26 -10 76 -36 113 -56z m-2057 25 c-40 -58 -105 -190 -130 -263 -110 -324 -59 -707 132 -981 25 -35 42 -64 37 -64 -19 0 -241 119 -326 174 -188 122 -406 314 -532 468 l-58 71 108 103 c185 178 428 349 672 473 66 33 121 60 123 61 2 0 -10 -19 -26 -42z\"\/><path d=\"M2375 1950 c-198 -44 -350 -190 -395 -379 -18 -76 -8 -221 19 -290 114 -284 457 -406 731 -260 98 52 188 154 231 260 27 69 37 214 19 290 -38 163 -166 304 -326 360 -67 23 -215 33 -279 19z\"\/><\/g><\/svg><\/i> <img loading=\"lazy\" decoding=\"async\" width=\"16\" height=\"16\" alt=\"Loading\" src=\"https:\/\/www-2023.studenti.uniroma2.it\/wp-content\/plugins\/page-views-count\/ajax-loader-2x.gif\" border=\"0\" \/><\/p>\n<div class=\"pvc_clear\"><\/div>","protected":false},"author":1001114,"featured_media":0,"parent":0,"menu_order":0,"comment_status":"closed","ping_status":"closed","template":"","meta":{"_exactmetrics_skip_tracking":false,"_exactmetrics_sitenote_active":false,"_exactmetrics_sitenote_note":"","_exactmetrics_sitenote_category":0,"footnotes":""},"class_list":["post-3229","page","type-page","status-publish","hentry"],"yoast_head":"<!-- This site is optimized with the Yoast SEO plugin v26.6 - https:\/\/yoast.com\/wordpress\/plugins\/seo\/ -->\n<title>Segreteria Economia - Universit\u00e0 degli Studi di Roma Tor Vergata<\/title>\n<meta name=\"robots\" content=\"index, follow, max-snippet:-1, max-image-preview:large, max-video-preview:-1\" \/>\n<link rel=\"canonical\" href=\"https:\/\/www-2023.studenti.uniroma2.it\/en\/3229-2\/\" \/>\n<meta property=\"og:locale\" content=\"en_GB\" \/>\n<meta property=\"og:type\" content=\"article\" \/>\n<meta property=\"og:title\" content=\"Segreteria Economia - Universit\u00e0 degli Studi di Roma Tor Vergata\" \/>\n<meta property=\"og:description\" content=\"E-mail segreteria-studenti@economia.uniroma2.it Ricevimento Luned\u00ec\u00a0 \u00a0 \u00a0 09.00 \u2013 12.00 Mercoled\u00ec 09.00 \u2013 12.00 , 14.00 \u2013 16.00 Venerd\u00ec\u00a0 \u00a0 09.00 \u2013 12.00 Sede Via Columbia 2 00133 Roma Contatti telefonici +39 06 7259-5839\/5841\/5836 Per prenotare un&#8217;appuntamento con operatore in presenza &nbsp; (1) Le informazioni di carattere personale vengono rilasciate esclusivamente all\u2019interessato, oppure a terzi muniti&hellip;\" \/>\n<meta property=\"og:url\" content=\"https:\/\/www-2023.studenti.uniroma2.it\/en\/3229-2\/\" \/>\n<meta property=\"og:site_name\" content=\"Universit\u00e0 degli Studi di Roma Tor Vergata\" \/>\n<meta property=\"article:publisher\" content=\"https:\/\/www.facebook.com\/torvergataorienta\/\" \/>\n<meta property=\"article:modified_time\" content=\"2022-05-20T09:10:57+00:00\" \/>\n<meta property=\"og:image\" content=\"http:\/\/studenti.uniroma2.it\/wp-content\/uploads\/2022\/05\/immagine-tor-vergata-1-690x400.jpg\" \/>\n<meta name=\"twitter:card\" content=\"summary_large_image\" \/>\n<meta name=\"twitter:site\" content=\"@unitorvergata\" \/>\n<meta name=\"twitter:label1\" content=\"Estimated reading time\" \/>\n\t<meta name=\"twitter:data1\" content=\"2 minutes\" \/>\n<script type=\"application\/ld+json\" class=\"yoast-schema-graph\">{\"@context\":\"https:\/\/schema.org\",\"@graph\":[{\"@type\":\"WebPage\",\"@id\":\"https:\/\/www-2023.studenti.uniroma2.it\/it_it\/3229-2\/\",\"url\":\"https:\/\/www-2023.studenti.uniroma2.it\/it_it\/3229-2\/\",\"name\":\"Segreteria Economia - Universit\u00e0 degli Studi di Roma Tor Vergata\",\"isPartOf\":{\"@id\":\"https:\/\/www-2023.studenti.uniroma2.it\/it_it\/#website\"},\"primaryImageOfPage\":{\"@id\":\"https:\/\/www-2023.studenti.uniroma2.it\/it_it\/3229-2\/#primaryimage\"},\"image\":{\"@id\":\"https:\/\/www-2023.studenti.uniroma2.it\/it_it\/3229-2\/#primaryimage\"},\"thumbnailUrl\":\"http:\/\/studenti.uniroma2.it\/wp-content\/uploads\/2022\/05\/immagine-tor-vergata-1-690x400.jpg\",\"datePublished\":\"2022-05-20T08:28:53+00:00\",\"dateModified\":\"2022-05-20T09:10:57+00:00\",\"breadcrumb\":{\"@id\":\"https:\/\/www-2023.studenti.uniroma2.it\/it_it\/3229-2\/#breadcrumb\"},\"inLanguage\":\"en-GB\",\"potentialAction\":[{\"@type\":\"ReadAction\",\"target\":[\"https:\/\/www-2023.studenti.uniroma2.it\/it_it\/3229-2\/\"]}]},{\"@type\":\"ImageObject\",\"inLanguage\":\"en-GB\",\"@id\":\"https:\/\/www-2023.studenti.uniroma2.it\/it_it\/3229-2\/#primaryimage\",\"url\":\"http:\/\/studenti.uniroma2.it\/wp-content\/uploads\/2022\/05\/immagine-tor-vergata-1-690x400.jpg\",\"contentUrl\":\"http:\/\/studenti.uniroma2.it\/wp-content\/uploads\/2022\/05\/immagine-tor-vergata-1-690x400.jpg\"},{\"@type\":\"BreadcrumbList\",\"@id\":\"https:\/\/www-2023.studenti.uniroma2.it\/it_it\/3229-2\/#breadcrumb\",\"itemListElement\":[{\"@type\":\"ListItem\",\"position\":1,\"name\":\"Home\",\"item\":\"https:\/\/www-2023.studenti.uniroma2.it\/it_it\/\"},{\"@type\":\"ListItem\",\"position\":2,\"name\":\"Segreteria Economia\"}]},{\"@type\":\"WebSite\",\"@id\":\"https:\/\/www-2023.studenti.uniroma2.it\/it_it\/#website\",\"url\":\"https:\/\/www-2023.studenti.uniroma2.it\/it_it\/\",\"name\":\"Universit\u00e0 degli Studi di Roma Tor Vergata\",\"description\":\"\",\"publisher\":{\"@id\":\"https:\/\/www-2023.studenti.uniroma2.it\/it_it\/#organization\"},\"potentialAction\":[{\"@type\":\"SearchAction\",\"target\":{\"@type\":\"EntryPoint\",\"urlTemplate\":\"https:\/\/www-2023.studenti.uniroma2.it\/it_it\/?s={search_term_string}\"},\"query-input\":{\"@type\":\"PropertyValueSpecification\",\"valueRequired\":true,\"valueName\":\"search_term_string\"}}],\"inLanguage\":\"en-GB\"},{\"@type\":\"Organization\",\"@id\":\"https:\/\/www-2023.studenti.uniroma2.it\/it_it\/#organization\",\"name\":\"Universit\u00e0 degli Studi di Roma Tor Vergata\",\"url\":\"https:\/\/www-2023.studenti.uniroma2.it\/it_it\/\",\"logo\":{\"@type\":\"ImageObject\",\"inLanguage\":\"en-GB\",\"@id\":\"https:\/\/www-2023.studenti.uniroma2.it\/it_it\/#\/schema\/logo\/image\/\",\"url\":\"https:\/\/www-2023.studenti.uniroma2.it\/wp-content\/uploads\/2024\/03\/cropped-cropped-cropped-logo-1-e1711183137281.png\",\"contentUrl\":\"https:\/\/www-2023.studenti.uniroma2.it\/wp-content\/uploads\/2024\/03\/cropped-cropped-cropped-logo-1-e1711183137281.png\",\"width\":500,\"height\":119,\"caption\":\"Universit\u00e0 degli Studi di Roma Tor Vergata\"},\"image\":{\"@id\":\"https:\/\/www-2023.studenti.uniroma2.it\/it_it\/#\/schema\/logo\/image\/\"},\"sameAs\":[\"https:\/\/www.facebook.com\/torvergataorienta\/\",\"https:\/\/x.com\/unitorvergata\",\"https:\/\/www.instagram.com\/torvergataorienta\/\",\"https:\/\/it.linkedin.com\/school\/university-of-rome-tor-vergata\/\",\"https:\/\/www.youtube.com\/channel\/UCC3NaJJw3rjKqqbV3-hmcgA\/\"]}]}<\/script>\n<!-- \/ Yoast SEO plugin. -->","yoast_head_json":{"title":"Segreteria Economia - Universit\u00e0 degli Studi di Roma Tor Vergata","robots":{"index":"index","follow":"follow","max-snippet":"max-snippet:-1","max-image-preview":"max-image-preview:large","max-video-preview":"max-video-preview:-1"},"canonical":"https:\/\/www-2023.studenti.uniroma2.it\/en\/3229-2\/","og_locale":"en_GB","og_type":"article","og_title":"Segreteria Economia - Universit\u00e0 degli Studi di Roma Tor Vergata","og_description":"E-mail segreteria-studenti@economia.uniroma2.it Ricevimento Luned\u00ec\u00a0 \u00a0 \u00a0 09.00 \u2013 12.00 Mercoled\u00ec 09.00 \u2013 12.00 , 14.00 \u2013 16.00 Venerd\u00ec\u00a0 \u00a0 09.00 \u2013 12.00 Sede Via Columbia 2 00133 Roma Contatti telefonici +39 06 7259-5839\/5841\/5836 Per prenotare un&#8217;appuntamento con operatore in presenza &nbsp; (1) Le informazioni di carattere personale vengono rilasciate esclusivamente all\u2019interessato, oppure a terzi muniti&hellip;","og_url":"https:\/\/www-2023.studenti.uniroma2.it\/en\/3229-2\/","og_site_name":"Universit\u00e0 degli Studi di Roma Tor Vergata","article_publisher":"https:\/\/www.facebook.com\/torvergataorienta\/","article_modified_time":"2022-05-20T09:10:57+00:00","og_image":[{"url":"http:\/\/studenti.uniroma2.it\/wp-content\/uploads\/2022\/05\/immagine-tor-vergata-1-690x400.jpg","type":"","width":"","height":""}],"twitter_card":"summary_large_image","twitter_site":"@unitorvergata","twitter_misc":{"Estimated reading time":"2 minutes"},"schema":{"@context":"https:\/\/schema.org","@graph":[{"@type":"WebPage","@id":"https:\/\/www-2023.studenti.uniroma2.it\/it_it\/3229-2\/","url":"https:\/\/www-2023.studenti.uniroma2.it\/it_it\/3229-2\/","name":"Segreteria Economia - Universit\u00e0 degli Studi di Roma Tor Vergata","isPartOf":{"@id":"https:\/\/www-2023.studenti.uniroma2.it\/it_it\/#website"},"primaryImageOfPage":{"@id":"https:\/\/www-2023.studenti.uniroma2.it\/it_it\/3229-2\/#primaryimage"},"image":{"@id":"https:\/\/www-2023.studenti.uniroma2.it\/it_it\/3229-2\/#primaryimage"},"thumbnailUrl":"http:\/\/studenti.uniroma2.it\/wp-content\/uploads\/2022\/05\/immagine-tor-vergata-1-690x400.jpg","datePublished":"2022-05-20T08:28:53+00:00","dateModified":"2022-05-20T09:10:57+00:00","breadcrumb":{"@id":"https:\/\/www-2023.studenti.uniroma2.it\/it_it\/3229-2\/#breadcrumb"},"inLanguage":"en-GB","potentialAction":[{"@type":"ReadAction","target":["https:\/\/www-2023.studenti.uniroma2.it\/it_it\/3229-2\/"]}]},{"@type":"ImageObject","inLanguage":"en-GB","@id":"https:\/\/www-2023.studenti.uniroma2.it\/it_it\/3229-2\/#primaryimage","url":"http:\/\/studenti.uniroma2.it\/wp-content\/uploads\/2022\/05\/immagine-tor-vergata-1-690x400.jpg","contentUrl":"http:\/\/studenti.uniroma2.it\/wp-content\/uploads\/2022\/05\/immagine-tor-vergata-1-690x400.jpg"},{"@type":"BreadcrumbList","@id":"https:\/\/www-2023.studenti.uniroma2.it\/it_it\/3229-2\/#breadcrumb","itemListElement":[{"@type":"ListItem","position":1,"name":"Home","item":"https:\/\/www-2023.studenti.uniroma2.it\/it_it\/"},{"@type":"ListItem","position":2,"name":"Segreteria Economia"}]},{"@type":"WebSite","@id":"https:\/\/www-2023.studenti.uniroma2.it\/it_it\/#website","url":"https:\/\/www-2023.studenti.uniroma2.it\/it_it\/","name":"Universit\u00e0 degli Studi di Roma Tor Vergata","description":"","publisher":{"@id":"https:\/\/www-2023.studenti.uniroma2.it\/it_it\/#organization"},"potentialAction":[{"@type":"SearchAction","target":{"@type":"EntryPoint","urlTemplate":"https:\/\/www-2023.studenti.uniroma2.it\/it_it\/?s={search_term_string}"},"query-input":{"@type":"PropertyValueSpecification","valueRequired":true,"valueName":"search_term_string"}}],"inLanguage":"en-GB"},{"@type":"Organization","@id":"https:\/\/www-2023.studenti.uniroma2.it\/it_it\/#organization","name":"Universit\u00e0 degli Studi di Roma Tor Vergata","url":"https:\/\/www-2023.studenti.uniroma2.it\/it_it\/","logo":{"@type":"ImageObject","inLanguage":"en-GB","@id":"https:\/\/www-2023.studenti.uniroma2.it\/it_it\/#\/schema\/logo\/image\/","url":"https:\/\/www-2023.studenti.uniroma2.it\/wp-content\/uploads\/2024\/03\/cropped-cropped-cropped-logo-1-e1711183137281.png","contentUrl":"https:\/\/www-2023.studenti.uniroma2.it\/wp-content\/uploads\/2024\/03\/cropped-cropped-cropped-logo-1-e1711183137281.png","width":500,"height":119,"caption":"Universit\u00e0 degli Studi di Roma Tor Vergata"},"image":{"@id":"https:\/\/www-2023.studenti.uniroma2.it\/it_it\/#\/schema\/logo\/image\/"},"sameAs":["https:\/\/www.facebook.com\/torvergataorienta\/","https:\/\/x.com\/unitorvergata","https:\/\/www.instagram.com\/torvergataorienta\/","https:\/\/it.linkedin.com\/school\/university-of-rome-tor-vergata\/","https:\/\/www.youtube.com\/channel\/UCC3NaJJw3rjKqqbV3-hmcgA\/"]}]}},"_links":{"self":[{"href":"https:\/\/www-2023.studenti.uniroma2.it\/en\/wp-json\/wp\/v2\/pages\/3229","targetHints":{"allow":["GET"]}}],"collection":[{"href":"https:\/\/www-2023.studenti.uniroma2.it\/en\/wp-json\/wp\/v2\/pages"}],"about":[{"href":"https:\/\/www-2023.studenti.uniroma2.it\/en\/wp-json\/wp\/v2\/types\/page"}],"author":[{"embeddable":true,"href":"https:\/\/www-2023.studenti.uniroma2.it\/en\/wp-json\/wp\/v2\/users\/1001114"}],"replies":[{"embeddable":true,"href":"https:\/\/www-2023.studenti.uniroma2.it\/en\/wp-json\/wp\/v2\/comments?post=3229"}],"version-history":[{"count":6,"href":"https:\/\/www-2023.studenti.uniroma2.it\/en\/wp-json\/wp\/v2\/pages\/3229\/revisions"}],"predecessor-version":[{"id":3233,"href":"https:\/\/www-2023.studenti.uniroma2.it\/en\/wp-json\/wp\/v2\/pages\/3229\/revisions\/3233"}],"wp:attachment":[{"href":"https:\/\/www-2023.studenti.uniroma2.it\/en\/wp-json\/wp\/v2\/media?parent=3229"}],"curies":[{"name":"wp","href":"https:\/\/api.w.org\/{rel}","templated":true}]}}