{"id":5142,"date":"2024-04-11T08:55:54","date_gmt":"2024-04-11T08:55:54","guid":{"rendered":"https:\/\/www-2023.studenti.uniroma2.it\/?page_id=5142"},"modified":"2024-04-11T08:55:54","modified_gmt":"2024-04-11T08:55:54","slug":"trasferimenti-in-ingresso-2","status":"publish","type":"page","link":"https:\/\/www-2023.studenti.uniroma2.it\/en\/trasferimenti-in-ingresso-2\/","title":{"rendered":"Transfers from other Italian universities"},"content":{"rendered":"<p style=\"text-align: justify;\"><span style=\"font-size: 14pt; color: #000000;\">Per Trasferimento in ingresso si intende il trasferimento da un corso di studio di un\u2019altra universit\u00e0 allo stesso o a un altro corso di studio di questa universit\u00e0. Non \u00e8 consentito il trasferimento a corsi di studio del previgente ordinamento, qualora disattivati.<\/span><\/p>\n<p style=\"text-align: justify;\">\n<p style=\"text-align: center;\"><span style=\"font-size: 14pt; color: #000000;\"><strong>DEADLINES<\/strong><\/span><\/p>\n<p style=\"text-align: justify;\">\n<p style=\"text-align: justify;\"><span style=\"font-size: 14pt; color: #000000;\"><strong>Lo studente pu\u00f2 presentare richiesta di trasferimento in ingresso dal 1 agosto 2023 al 31 dicembre 2023, ovvero entro la scadenza indicata negli avvisi\/bandi di concorso ovvero quanto specificamente disposto dall\u2019ordinamento didattico dei singoli corsi di studio.<\/strong><\/span><\/p>\n<p style=\"text-align: justify;\"><span style=\"font-size: 14pt; color: #000000;\">Prima di chiedere il trasferimento in ingresso pu\u00f2 essere necessario, a seconda del regolamento didattico del Corso di Studio prescelto:<\/span><\/p>\n<ol style=\"text-align: justify;\">\n<li><span style=\"font-size: 14pt; color: #000000;\">richiedere il <strong>NULLA OSTA al trasferimento <\/strong>che sar\u00e0 concesso dal Corso di Studio a seguito di una preventiva valutazione dei titoli posseduti (cio\u00e8 degli esami sostenuti presso altro Ateneo) seguendo le istruzioni di seguito indicate:<\/span>\n<ol start=\"2\">\n<li><span style=\"font-size: 14pt; color: #000000;\">Access the Delphi online services  website: <a style=\"color: #000000;\" href=\"http:\/\/delphi.uniroma2.it\/\">http:\/\/delphi.uniroma2.it<\/a><\/span><\/li>\n<li><span style=\"font-size: 14pt; color: #000000;\">selezionare Area Studenti &gt; Tasto 2 &#8211; Trasferimento da altro Ateneo (in entrata)<\/span><\/li>\n<li><span style=\"font-size: 14pt; color: #000000;\">Selezionare \u201cRichiesta NULLA-OSTA al trasferimento (valutazione preventiva dei titoli)\u201d<\/span><\/li>\n<li><span style=\"font-size: 14pt; color: #000000;\">Digitare \u201cCompila la domanda\u201d di valutazione titoli per il nulla osta al trasferimento in ingresso;<\/span><\/li>\n<\/ol>\n<\/li>\n<\/ol>\n<ol style=\"text-align: justify;\">\n<li><span style=\"font-size: 14pt; color: #000000;\">Selezionare il Corso di Studio prescelto;<\/span><\/li>\n<li><span style=\"font-size: 14pt; color: #000000;\">Compilare la domanda inserendo i dati richiesti ed elencando tutti gli esami sostenuti;<\/span><\/li>\n<li><span style=\"font-size: 14pt; color: #000000;\">Cliccare \u201cavanti\u201d e nella pagina successiva annota il CTRL che servir\u00e0 per rientrare nel men\u00f9 e modificare, cancellare o ristampare la domanda;<\/span><\/li>\n<li><span style=\"font-size: 14pt; color: #000000;\">Cliccare per la stampa: verr\u00e0 stampata la domanda con l\u2019indicazione di ci\u00f2 che \u00e8 stato dichiarato, un bollettino con importo ZERO e la ricevuta di convalida automatica con il N\u00b0 di protocollo assegnato.<\/span><\/li>\n<\/ol>\n<p style=\"text-align: justify;\">\n<p style=\"text-align: justify;\"><span style=\"font-size: 14pt; color: #000000;\">La domanda sar\u00e0 trasmessa on-line al Corso di Studio per l\u2019autorizzazione al trasferimento.<\/span><\/p>\n<p style=\"text-align: justify;\"><span style=\"font-size: 14pt; color: #000000;\">\u00c8 necessario attendere che il Corso di Studio possa valutare gli esami e titoli indicati nella domanda: sar\u00e0 possibile verificare l\u2019esito della valutazione inserendo il Codice fiscale e CTRL al link \u201ccontrolla stato della domanda\u201d.<\/span><\/p>\n<p style=\"text-align: justify;\"><span style=\"font-size: 14pt; color: #000000;\">Sostenere comunque la <strong>prova di ammissione <\/strong>e risultare vincitore del relativo concorso (Corsi di Studio con accesso a numero programmato) ovvero sostenere il Test di valutazione: in tali casi \u00e8 necessario tornare alla prima pagina del sito dei Servizi on-line Delphi: <a style=\"color: #000000;\" href=\"http:\/\/delphi.uniroma2.it\/\">http:\/\/delphi.uniroma2.it<\/a> e selezionare il Tasto 1 &gt; iscrizione alle prove di ammissione \/ Test di valutazione.<\/span><\/p>\n<p style=\"text-align: justify;\">\n<p style=\"text-align: justify;\"><span style=\"font-size: 14pt; color: #000000;\">Solo quando si \u00e8 in possesso del nulla-osta al trasferimento rilasciato dal Corso di Studio prescelto, ovvero si \u00e8 vincitori del concorso previsto per l\u2019accesso al Corso di Studio a numero programmato, od infine, se si \u00e8 scelto un Corso di Studio ad accesso libero che non richiede un preventivo nulla osta, \u00e8 <\/span><span style=\"font-size: 14pt; color: #000000;\">possibile compilare la domanda di trasferimento in ingresso e contestualmente presentare all\u2019Universit\u00e0 di provenienza la domanda di trasferimento in uscita secondo le relative procedure e comunque non oltre il <strong><u>31 dicembre 2024.<\/u><\/strong><\/span><\/p>\n<p style=\"text-align: justify;\"><span style=\"font-size: 14pt; color: #000000;\">L\u2019 Universit\u00e0 di provenienza provveder\u00e0 a inviare a questa Universit\u00e0 il foglio di congedo relativo alla carriera dello studente.<\/span><\/p>\n<p style=\"text-align: justify;\">\n<p style=\"text-align: center;\"><span style=\"color: #000000; font-size: 14pt;\"><strong>ISTRUZIONI DOPO IL NULLA OSTA<\/strong><\/span><\/p>\n<p style=\"text-align: justify;\">\n<ol style=\"text-align: justify;\" start=\"2\">\n<li><span style=\"font-size: 14pt; color: #000000;\">Access the Delphi online services  website: <strong><span style=\"color: #0000ff;\"><a style=\"color: #0000ff;\" href=\"http:\/\/delphi.uniroma2.it\/\">http:\/\/delphi.uniroma2.it<\/a><\/span><\/strong><\/span><\/li>\n<li><span style=\"font-size: 14pt; color: #000000;\">Selezionare Area Studenti \u00e8 Tasto 2 &#8211; Trasferimento da altro Ateneo (in entrata) \u00e8 digitare \u201cdomanda di trasferimento in ingresso\u201d e compilare la domanda, selezionando la Macroarea e relativo Corso di studio;<\/span><\/li>\n<li><span style=\"color: #000000;\"><span style=\"font-size: 14pt;\">Inserire i dati anagrafici (se viene inserito il CTRL della precedente \u201cdomanda di valutazione <\/span><span style=\"font-size: 14pt;\">titoli per nulla osta al trasferimento\u201d vengono recuperati tutti i dati inseriti in precedenza);<\/span><\/span><\/li>\n<li><span style=\"font-size: 14pt; color: #000000;\">Stampare la domanda di trasferimento in ingresso con il relativo Codice CTRL e conservarla con cura;<\/span><\/li>\n<li><span style=\"font-size: 14pt; color: #000000;\">Confermare la domanda di trasferimento in ingresso digitando il tasto b.2 \u201cconfermare la domanda di trasferimento\u201d: NON COMPIENDO QUEST\u2019ULTIMA OPERAZIONE LA DOMANDA DI TRASFERIMENTO NON VERRA\u2019 INOLTRATA ALLA SEGRETERIA STUDENTI;<\/span><\/li>\n<li><span style=\"font-size: 14pt; color: #000000;\">Presentare all\u2019Universit\u00e0 di partenza la domanda di trasferimento in uscita secondo le scadenze e procedure dell\u2019Ateneo di provenienza.<\/span><\/li>\n<\/ol>\n<p style=\"text-align: justify;\">\n<p style=\"text-align: justify;\"><span style=\"font-size: 14pt; color: #000000;\">Controllare lo STATO DEL TRASFERIMENTO ricollegandosi al sito dei Servizi on-line Delphi: <strong><span style=\"color: #0000ff;\"><a style=\"color: #0000ff;\" href=\"http:\/\/delphi.uniroma2.it\/\">http:\/\/delphi.uniroma2.it<\/a><\/span><\/strong> &#8211; Area Studenti \u00e8 Tasto 2 \u00e8 Trasferimento da altro Ateneo \u00e8 digita Tasto b \u201cDomanda di trasferimento in ingresso\u201d \u00e8 selezionare tasto b.5 \u201cControllare lo stato della domanda di trasferimento\u201d e inserire il Codice fiscale e il CTRL<\/span><\/p>\n<p style=\"text-align: justify;\"><span style=\"font-size: 14pt; color: #000000;\">Quando comparir\u00e0 la dicitura \u201cla tua domanda di trasferimento \u00e8 stata accettata\u201d, e ci\u00f2 vuol dire che la Segreteria Studenti ha ricevuto per posta il foglio di congedo dall\u2019Ateneo di provenienza ed \u00e8 stato rilasciato il nulla-osta\/valutazione titoli, \u00e8 possibile procedere con la FASE CONCLUSIVA dell\u2019immatricolazione.<\/span><\/p>\n<p style=\"text-align: justify;\">\n<p style=\"text-align: center;\"><span style=\"font-size: 14pt; color: #000000;\"><strong>IMMATRICOLAZIONE A SEGUITO DI TRASFERIMENTO ACCETTATO<\/strong><\/span><\/p>\n<p style=\"text-align: justify;\">\n<ol style=\"text-align: justify;\" start=\"2\">\n<li><span style=\"font-size: 14pt; color: #000000;\">Access the Delphi online services  website: <strong><span style=\"color: #0000ff;\"><a style=\"color: #0000ff;\" href=\"http:\/\/delphi.uniroma2.it\/\">http:\/\/delphi.uniroma2.it<\/a><\/span><\/strong><\/span><\/li>\n<li><span style=\"font-size: 14pt; color: #000000;\">Selezionare Area Studenti \u00e8 Tasto 2 &#8211; Trasferimento da altro Ateneo (in entrata) \u00e8 selezionare \u201cc. Domanda di immatricolazione a seguito di trasferimento accettato\u201d e compilare la domanda e seguire le istruzioni.<\/span><\/li>\n<\/ol>\n<p style=\"text-align: justify;\">\n<p style=\"text-align: justify;\"><span style=\"font-size: 14pt; color: #000000;\">Se ci si trasferisce da altro Ateneo \u00e8 necessario pagare tutte le tasse e i contributi universitari richiesti per l\u2019iscrizione a questo Ateneo, anche se lo studente ha gi\u00e0 pagato l\u2019iscrizione presso l\u2019Ateneo di provenienza.<\/span><\/p>\n<p style=\"text-align: justify;\"><span style=\"font-size: 14pt; color: #000000;\">Il contributo regionale \u00e8 dovuto solo se l\u2019Ateneo di provenienza ha sede fuori della Regione Lazio.<\/span><\/p>\n<div class=\"pvc_clear\"><\/div>\n<p id=\"pvc_stats_5142\" class=\"pvc_stats all\" data-element-id=\"5142\" style=\"\"><i class=\"pvc-stats-icon medium\" aria-hidden=\"true\"><svg xmlns=\"http:\/\/www.w3.org\/2000\/svg\" version=\"1.0\" viewbox=\"0 0 502 315\" preserveaspectratio=\"xMidYMid meet\"><g transform=\"translate(0,332) scale(0.1,-0.1)\" fill=\"\" stroke=\"none\"><path d=\"M2394 3279 l-29 -30 -3 -207 c-2 -182 0 -211 15 -242 39 -76 157 -76 196 0 15 31 17 60 15 243 l-3 209 -33 29 c-26 23 -41 29 -80 29 -41 0 -53 -5 -78 -31z\"\/><path d=\"M3085 3251 c-45 -19 -58 -50 -96 -229 -47 -217 -49 -260 -13 -295 52 -53 146 -42 177 20 16 31 87 366 87 410 0 70 -86 122 -155 94z\"\/><path d=\"M1751 3234 c-13 -9 -29 -31 -37 -50 -12 -29 -10 -49 21 -204 19 -94 39 -189 45 -210 14 -50 54 -80 110 -80 34 0 48 6 76 34 21 21 34 44 34 59 0 14 -18 113 -40 219 -37 178 -43 195 -70 221 -36 32 -101 37 -139 11z\"\/><path d=\"M1163 3073 c-36 -7 -73 -59 -73 -102 0 -56 133 -378 171 -413 34 -32 83 -37 129 -13 70 36 67 87 -16 290 -86 209 -89 214 -129 231 -35 14 -42 15 -82 7z\"\/><path d=\"M3689 3066 c-15 -9 -33 -30 -42 -48 -48 -103 -147 -355 -147 -375 0 -98 131 -148 192 -74 13 15 57 108 97 206 80 196 84 226 37 273 -30 30 -99 39 -137 18z\"\/><path d=\"M583 2784 c-38 -19 -67 -74 -58 -113 9 -42 211 -354 242 -373 16 -10 45 -18 66 -18 51 0 107 52 107 100 0 39 -1 41 -124 234 -80 126 -108 162 -133 173 -41 17 -61 16 -100 -3z\"\/><path d=\"M4250 2784 c-14 -9 -74 -91 -133 -183 -95 -150 -107 -173 -107 -213 0 -55 33 -94 87 -104 67 -13 90 8 211 198 130 202 137 225 78 284 -27 27 -42 34 -72 34 -22 0 -50 -8 -64 -16z\"\/><path d=\"M2275 2693 c-553 -48 -1095 -270 -1585 -649 -135 -104 -459 -423 -483 -476 -23 -49 -22 -139 2 -186 73 -142 361 -457 571 -626 285 -228 642 -407 990 -497 242 -63 336 -73 660 -74 310 0 370 5 595 52 535 111 1045 392 1455 803 122 121 250 273 275 326 19 41 19 137 0 174 -41 79 -309 363 -465 492 -447 370 -946 591 -1479 653 -113 14 -422 18 -536 8z m395 -428 c171 -34 330 -124 456 -258 112 -119 167 -219 211 -378 27 -96 24 -300 -5 -401 -72 -255 -236 -447 -474 -557 -132 -62 -201 -76 -368 -76 -167 0 -236 14 -368 76 -213 98 -373 271 -451 485 -162 444 86 934 547 1084 153 49 292 57 452 25z m909 -232 c222 -123 408 -262 593 -441 76 -74 138 -139 138 -144 0 -16 -233 -242 -330 -319 -155 -123 -309 -223 -461 -299 l-81 -41 32 46 c18 26 49 83 70 128 143 306 141 649 -6 957 -25 52 -61 116 -79 142 l-34 47 45 -20 c26 -10 76 -36 113 -56z m-2057 25 c-40 -58 -105 -190 -130 -263 -110 -324 -59 -707 132 -981 25 -35 42 -64 37 -64 -19 0 -241 119 -326 174 -188 122 -406 314 -532 468 l-58 71 108 103 c185 178 428 349 672 473 66 33 121 60 123 61 2 0 -10 -19 -26 -42z\"\/><path d=\"M2375 1950 c-198 -44 -350 -190 -395 -379 -18 -76 -8 -221 19 -290 114 -284 457 -406 731 -260 98 52 188 154 231 260 27 69 37 214 19 290 -38 163 -166 304 -326 360 -67 23 -215 33 -279 19z\"\/><\/g><\/svg><\/i> <img loading=\"lazy\" decoding=\"async\" width=\"16\" height=\"16\" alt=\"Loading\" src=\"https:\/\/www-2023.studenti.uniroma2.it\/wp-content\/plugins\/page-views-count\/ajax-loader-2x.gif\" border=\"0\" \/><\/p>\n<div class=\"pvc_clear\"><\/div>","protected":false},"excerpt":{"rendered":"<p>Per Trasferimento in ingresso si intende il trasferimento da un corso di studio di un\u2019altra universit\u00e0 allo stesso o a un altro corso di studio di questa universit\u00e0. Non \u00e8 consentito il trasferimento a corsi di studio del previgente ordinamento, qualora disattivati. SCADENZA Lo studente pu\u00f2 presentare richiesta di trasferimento in ingresso dal 1 agosto&hellip;<\/p>\n<div class=\"pvc_clear\"><\/div>\n<p id=\"pvc_stats_5142\" class=\"pvc_stats all\" data-element-id=\"5142\" style=\"\"><i class=\"pvc-stats-icon medium\" aria-hidden=\"true\"><svg xmlns=\"http:\/\/www.w3.org\/2000\/svg\" version=\"1.0\" viewbox=\"0 0 502 315\" preserveaspectratio=\"xMidYMid meet\"><g transform=\"translate(0,332) scale(0.1,-0.1)\" fill=\"\" stroke=\"none\"><path d=\"M2394 3279 l-29 -30 -3 -207 c-2 -182 0 -211 15 -242 39 -76 157 -76 196 0 15 31 17 60 15 243 l-3 209 -33 29 c-26 23 -41 29 -80 29 -41 0 -53 -5 -78 -31z\"\/><path d=\"M3085 3251 c-45 -19 -58 -50 -96 -229 -47 -217 -49 -260 -13 -295 52 -53 146 -42 177 20 16 31 87 366 87 410 0 70 -86 122 -155 94z\"\/><path d=\"M1751 3234 c-13 -9 -29 -31 -37 -50 -12 -29 -10 -49 21 -204 19 -94 39 -189 45 -210 14 -50 54 -80 110 -80 34 0 48 6 76 34 21 21 34 44 34 59 0 14 -18 113 -40 219 -37 178 -43 195 -70 221 -36 32 -101 37 -139 11z\"\/><path d=\"M1163 3073 c-36 -7 -73 -59 -73 -102 0 -56 133 -378 171 -413 34 -32 83 -37 129 -13 70 36 67 87 -16 290 -86 209 -89 214 -129 231 -35 14 -42 15 -82 7z\"\/><path d=\"M3689 3066 c-15 -9 -33 -30 -42 -48 -48 -103 -147 -355 -147 -375 0 -98 131 -148 192 -74 13 15 57 108 97 206 80 196 84 226 37 273 -30 30 -99 39 -137 18z\"\/><path d=\"M583 2784 c-38 -19 -67 -74 -58 -113 9 -42 211 -354 242 -373 16 -10 45 -18 66 -18 51 0 107 52 107 100 0 39 -1 41 -124 234 -80 126 -108 162 -133 173 -41 17 -61 16 -100 -3z\"\/><path d=\"M4250 2784 c-14 -9 -74 -91 -133 -183 -95 -150 -107 -173 -107 -213 0 -55 33 -94 87 -104 67 -13 90 8 211 198 130 202 137 225 78 284 -27 27 -42 34 -72 34 -22 0 -50 -8 -64 -16z\"\/><path d=\"M2275 2693 c-553 -48 -1095 -270 -1585 -649 -135 -104 -459 -423 -483 -476 -23 -49 -22 -139 2 -186 73 -142 361 -457 571 -626 285 -228 642 -407 990 -497 242 -63 336 -73 660 -74 310 0 370 5 595 52 535 111 1045 392 1455 803 122 121 250 273 275 326 19 41 19 137 0 174 -41 79 -309 363 -465 492 -447 370 -946 591 -1479 653 -113 14 -422 18 -536 8z m395 -428 c171 -34 330 -124 456 -258 112 -119 167 -219 211 -378 27 -96 24 -300 -5 -401 -72 -255 -236 -447 -474 -557 -132 -62 -201 -76 -368 -76 -167 0 -236 14 -368 76 -213 98 -373 271 -451 485 -162 444 86 934 547 1084 153 49 292 57 452 25z m909 -232 c222 -123 408 -262 593 -441 76 -74 138 -139 138 -144 0 -16 -233 -242 -330 -319 -155 -123 -309 -223 -461 -299 l-81 -41 32 46 c18 26 49 83 70 128 143 306 141 649 -6 957 -25 52 -61 116 -79 142 l-34 47 45 -20 c26 -10 76 -36 113 -56z m-2057 25 c-40 -58 -105 -190 -130 -263 -110 -324 -59 -707 132 -981 25 -35 42 -64 37 -64 -19 0 -241 119 -326 174 -188 122 -406 314 -532 468 l-58 71 108 103 c185 178 428 349 672 473 66 33 121 60 123 61 2 0 -10 -19 -26 -42z\"\/><path d=\"M2375 1950 c-198 -44 -350 -190 -395 -379 -18 -76 -8 -221 19 -290 114 -284 457 -406 731 -260 98 52 188 154 231 260 27 69 37 214 19 290 -38 163 -166 304 -326 360 -67 23 -215 33 -279 19z\"\/><\/g><\/svg><\/i> <img loading=\"lazy\" decoding=\"async\" width=\"16\" height=\"16\" alt=\"Loading\" src=\"https:\/\/www-2023.studenti.uniroma2.it\/wp-content\/plugins\/page-views-count\/ajax-loader-2x.gif\" border=\"0\" \/><\/p>\n<div class=\"pvc_clear\"><\/div>","protected":false},"author":1001129,"featured_media":0,"parent":0,"menu_order":0,"comment_status":"closed","ping_status":"closed","template":"","meta":{"_exactmetrics_skip_tracking":false,"_exactmetrics_sitenote_active":false,"_exactmetrics_sitenote_note":"","_exactmetrics_sitenote_category":0,"footnotes":""},"class_list":["post-5142","page","type-page","status-publish","hentry"],"yoast_head":"<!-- This site is optimized with the Yoast SEO plugin v26.6 - https:\/\/yoast.com\/wordpress\/plugins\/seo\/ -->\n<title>Trasferimenti in ingresso - Universit\u00e0 degli Studi di Roma Tor Vergata<\/title>\n<meta name=\"robots\" content=\"index, follow, max-snippet:-1, max-image-preview:large, max-video-preview:-1\" \/>\n<link rel=\"canonical\" href=\"https:\/\/www-2023.studenti.uniroma2.it\/en\/trasferimenti-in-ingresso-2\/\" \/>\n<meta property=\"og:locale\" content=\"en_GB\" \/>\n<meta property=\"og:type\" content=\"article\" \/>\n<meta property=\"og:title\" content=\"Trasferimenti in ingresso - Universit\u00e0 degli Studi di Roma Tor Vergata\" \/>\n<meta property=\"og:description\" content=\"Per Trasferimento in ingresso si intende il trasferimento da un corso di studio di un\u2019altra universit\u00e0 allo stesso o a un altro corso di studio di questa universit\u00e0. Non \u00e8 consentito il trasferimento a corsi di studio del previgente ordinamento, qualora disattivati. SCADENZA Lo studente pu\u00f2 presentare richiesta di trasferimento in ingresso dal 1 agosto&hellip;\" \/>\n<meta property=\"og:url\" content=\"https:\/\/www-2023.studenti.uniroma2.it\/en\/trasferimenti-in-ingresso-2\/\" \/>\n<meta property=\"og:site_name\" content=\"Universit\u00e0 degli Studi di Roma Tor Vergata\" \/>\n<meta property=\"article:publisher\" content=\"https:\/\/www.facebook.com\/torvergataorienta\/\" \/>\n<meta name=\"twitter:card\" content=\"summary_large_image\" \/>\n<meta name=\"twitter:site\" content=\"@unitorvergata\" \/>\n<meta name=\"twitter:label1\" content=\"Estimated reading time\" \/>\n\t<meta name=\"twitter:data1\" content=\"5 minutes\" \/>\n<script type=\"application\/ld+json\" class=\"yoast-schema-graph\">{\"@context\":\"https:\/\/schema.org\",\"@graph\":[{\"@type\":\"WebPage\",\"@id\":\"https:\/\/www-2023.studenti.uniroma2.it\/it_it\/trasferimenti-in-ingresso-2\/\",\"url\":\"https:\/\/www-2023.studenti.uniroma2.it\/it_it\/trasferimenti-in-ingresso-2\/\",\"name\":\"Trasferimenti in ingresso - Universit\u00e0 degli Studi di Roma Tor Vergata\",\"isPartOf\":{\"@id\":\"https:\/\/www-2023.studenti.uniroma2.it\/it_it\/#website\"},\"datePublished\":\"2024-04-11T08:55:54+00:00\",\"breadcrumb\":{\"@id\":\"https:\/\/www-2023.studenti.uniroma2.it\/it_it\/trasferimenti-in-ingresso-2\/#breadcrumb\"},\"inLanguage\":\"en-GB\",\"potentialAction\":[{\"@type\":\"ReadAction\",\"target\":[\"https:\/\/www-2023.studenti.uniroma2.it\/it_it\/trasferimenti-in-ingresso-2\/\"]}]},{\"@type\":\"BreadcrumbList\",\"@id\":\"https:\/\/www-2023.studenti.uniroma2.it\/it_it\/trasferimenti-in-ingresso-2\/#breadcrumb\",\"itemListElement\":[{\"@type\":\"ListItem\",\"position\":1,\"name\":\"Home\",\"item\":\"https:\/\/www-2023.studenti.uniroma2.it\/it_it\/\"},{\"@type\":\"ListItem\",\"position\":2,\"name\":\"Trasferimenti in ingresso\"}]},{\"@type\":\"WebSite\",\"@id\":\"https:\/\/www-2023.studenti.uniroma2.it\/it_it\/#website\",\"url\":\"https:\/\/www-2023.studenti.uniroma2.it\/it_it\/\",\"name\":\"Universit\u00e0 degli Studi di Roma Tor Vergata\",\"description\":\"\",\"publisher\":{\"@id\":\"https:\/\/www-2023.studenti.uniroma2.it\/it_it\/#organization\"},\"potentialAction\":[{\"@type\":\"SearchAction\",\"target\":{\"@type\":\"EntryPoint\",\"urlTemplate\":\"https:\/\/www-2023.studenti.uniroma2.it\/it_it\/?s={search_term_string}\"},\"query-input\":{\"@type\":\"PropertyValueSpecification\",\"valueRequired\":true,\"valueName\":\"search_term_string\"}}],\"inLanguage\":\"en-GB\"},{\"@type\":\"Organization\",\"@id\":\"https:\/\/www-2023.studenti.uniroma2.it\/it_it\/#organization\",\"name\":\"Universit\u00e0 degli Studi di Roma Tor Vergata\",\"url\":\"https:\/\/www-2023.studenti.uniroma2.it\/it_it\/\",\"logo\":{\"@type\":\"ImageObject\",\"inLanguage\":\"en-GB\",\"@id\":\"https:\/\/www-2023.studenti.uniroma2.it\/it_it\/#\/schema\/logo\/image\/\",\"url\":\"https:\/\/www-2023.studenti.uniroma2.it\/wp-content\/uploads\/2024\/03\/cropped-cropped-cropped-logo-1-e1711183137281.png\",\"contentUrl\":\"https:\/\/www-2023.studenti.uniroma2.it\/wp-content\/uploads\/2024\/03\/cropped-cropped-cropped-logo-1-e1711183137281.png\",\"width\":500,\"height\":119,\"caption\":\"Universit\u00e0 degli Studi di Roma Tor Vergata\"},\"image\":{\"@id\":\"https:\/\/www-2023.studenti.uniroma2.it\/it_it\/#\/schema\/logo\/image\/\"},\"sameAs\":[\"https:\/\/www.facebook.com\/torvergataorienta\/\",\"https:\/\/x.com\/unitorvergata\",\"https:\/\/www.instagram.com\/torvergataorienta\/\",\"https:\/\/it.linkedin.com\/school\/university-of-rome-tor-vergata\/\",\"https:\/\/www.youtube.com\/channel\/UCC3NaJJw3rjKqqbV3-hmcgA\/\"]}]}<\/script>\n<!-- \/ Yoast SEO plugin. -->","yoast_head_json":{"title":"Trasferimenti in ingresso - Universit\u00e0 degli Studi di Roma Tor Vergata","robots":{"index":"index","follow":"follow","max-snippet":"max-snippet:-1","max-image-preview":"max-image-preview:large","max-video-preview":"max-video-preview:-1"},"canonical":"https:\/\/www-2023.studenti.uniroma2.it\/en\/trasferimenti-in-ingresso-2\/","og_locale":"en_GB","og_type":"article","og_title":"Trasferimenti in ingresso - Universit\u00e0 degli Studi di Roma Tor Vergata","og_description":"Per Trasferimento in ingresso si intende il trasferimento da un corso di studio di un\u2019altra universit\u00e0 allo stesso o a un altro corso di studio di questa universit\u00e0. Non \u00e8 consentito il trasferimento a corsi di studio del previgente ordinamento, qualora disattivati. SCADENZA Lo studente pu\u00f2 presentare richiesta di trasferimento in ingresso dal 1 agosto&hellip;","og_url":"https:\/\/www-2023.studenti.uniroma2.it\/en\/trasferimenti-in-ingresso-2\/","og_site_name":"Universit\u00e0 degli Studi di Roma Tor Vergata","article_publisher":"https:\/\/www.facebook.com\/torvergataorienta\/","twitter_card":"summary_large_image","twitter_site":"@unitorvergata","twitter_misc":{"Estimated reading time":"5 minutes"},"schema":{"@context":"https:\/\/schema.org","@graph":[{"@type":"WebPage","@id":"https:\/\/www-2023.studenti.uniroma2.it\/it_it\/trasferimenti-in-ingresso-2\/","url":"https:\/\/www-2023.studenti.uniroma2.it\/it_it\/trasferimenti-in-ingresso-2\/","name":"Trasferimenti in ingresso - Universit\u00e0 degli Studi di Roma Tor Vergata","isPartOf":{"@id":"https:\/\/www-2023.studenti.uniroma2.it\/it_it\/#website"},"datePublished":"2024-04-11T08:55:54+00:00","breadcrumb":{"@id":"https:\/\/www-2023.studenti.uniroma2.it\/it_it\/trasferimenti-in-ingresso-2\/#breadcrumb"},"inLanguage":"en-GB","potentialAction":[{"@type":"ReadAction","target":["https:\/\/www-2023.studenti.uniroma2.it\/it_it\/trasferimenti-in-ingresso-2\/"]}]},{"@type":"BreadcrumbList","@id":"https:\/\/www-2023.studenti.uniroma2.it\/it_it\/trasferimenti-in-ingresso-2\/#breadcrumb","itemListElement":[{"@type":"ListItem","position":1,"name":"Home","item":"https:\/\/www-2023.studenti.uniroma2.it\/it_it\/"},{"@type":"ListItem","position":2,"name":"Trasferimenti in ingresso"}]},{"@type":"WebSite","@id":"https:\/\/www-2023.studenti.uniroma2.it\/it_it\/#website","url":"https:\/\/www-2023.studenti.uniroma2.it\/it_it\/","name":"Universit\u00e0 degli Studi di Roma Tor Vergata","description":"","publisher":{"@id":"https:\/\/www-2023.studenti.uniroma2.it\/it_it\/#organization"},"potentialAction":[{"@type":"SearchAction","target":{"@type":"EntryPoint","urlTemplate":"https:\/\/www-2023.studenti.uniroma2.it\/it_it\/?s={search_term_string}"},"query-input":{"@type":"PropertyValueSpecification","valueRequired":true,"valueName":"search_term_string"}}],"inLanguage":"en-GB"},{"@type":"Organization","@id":"https:\/\/www-2023.studenti.uniroma2.it\/it_it\/#organization","name":"Universit\u00e0 degli Studi di Roma Tor Vergata","url":"https:\/\/www-2023.studenti.uniroma2.it\/it_it\/","logo":{"@type":"ImageObject","inLanguage":"en-GB","@id":"https:\/\/www-2023.studenti.uniroma2.it\/it_it\/#\/schema\/logo\/image\/","url":"https:\/\/www-2023.studenti.uniroma2.it\/wp-content\/uploads\/2024\/03\/cropped-cropped-cropped-logo-1-e1711183137281.png","contentUrl":"https:\/\/www-2023.studenti.uniroma2.it\/wp-content\/uploads\/2024\/03\/cropped-cropped-cropped-logo-1-e1711183137281.png","width":500,"height":119,"caption":"Universit\u00e0 degli Studi di Roma Tor Vergata"},"image":{"@id":"https:\/\/www-2023.studenti.uniroma2.it\/it_it\/#\/schema\/logo\/image\/"},"sameAs":["https:\/\/www.facebook.com\/torvergataorienta\/","https:\/\/x.com\/unitorvergata","https:\/\/www.instagram.com\/torvergataorienta\/","https:\/\/it.linkedin.com\/school\/university-of-rome-tor-vergata\/","https:\/\/www.youtube.com\/channel\/UCC3NaJJw3rjKqqbV3-hmcgA\/"]}]}},"_links":{"self":[{"href":"https:\/\/www-2023.studenti.uniroma2.it\/en\/wp-json\/wp\/v2\/pages\/5142","targetHints":{"allow":["GET"]}}],"collection":[{"href":"https:\/\/www-2023.studenti.uniroma2.it\/en\/wp-json\/wp\/v2\/pages"}],"about":[{"href":"https:\/\/www-2023.studenti.uniroma2.it\/en\/wp-json\/wp\/v2\/types\/page"}],"author":[{"embeddable":true,"href":"https:\/\/www-2023.studenti.uniroma2.it\/en\/wp-json\/wp\/v2\/users\/1001129"}],"replies":[{"embeddable":true,"href":"https:\/\/www-2023.studenti.uniroma2.it\/en\/wp-json\/wp\/v2\/comments?post=5142"}],"version-history":[{"count":1,"href":"https:\/\/www-2023.studenti.uniroma2.it\/en\/wp-json\/wp\/v2\/pages\/5142\/revisions"}],"predecessor-version":[{"id":5143,"href":"https:\/\/www-2023.studenti.uniroma2.it\/en\/wp-json\/wp\/v2\/pages\/5142\/revisions\/5143"}],"wp:attachment":[{"href":"https:\/\/www-2023.studenti.uniroma2.it\/en\/wp-json\/wp\/v2\/media?parent=5142"}],"curies":[{"name":"wp","href":"https:\/\/api.w.org\/{rel}","templated":true}]}}