{"id":5146,"date":"2024-04-11T09:09:58","date_gmt":"2024-04-11T09:09:58","guid":{"rendered":"https:\/\/www-2023.studenti.uniroma2.it\/?page_id=5146"},"modified":"2024-04-11T09:09:58","modified_gmt":"2024-04-11T09:09:58","slug":"trasferimenti-in-uscita-2","status":"publish","type":"page","link":"https:\/\/www-2023.studenti.uniroma2.it\/en\/trasferimenti-in-uscita-2\/","title":{"rendered":"Transfers to other Italian universities"},"content":{"rendered":"<p style=\"text-align: justify;\"><span style=\"font-size: 14pt; color: #000000;\">Per trasferirsi da un corso di studio di questa Universit\u00e0 allo stesso o a un altro corso di studio di un\u2019altra Universit\u00e0 consultare sempre i regolamenti didattici delle Universit\u00e0 di destinazione.<\/span><\/p>\n<p style=\"text-align: justify;\"><span style=\"font-size: 14pt; color: #000000;\"><strong>Lo studente pu\u00f2 presentare richiesta di trasferimento in uscita dal 1 agosto 2024 entro e non oltre il 31 dicembre 2024.<\/strong><\/span><\/p>\n<p style=\"text-align: justify;\"><span style=\"font-size: 14pt; color: #000000;\"><strong>\u00a0<\/strong>Condizioni per poter presentare richiesta di trasferimento:<\/span><\/p>\n<ul style=\"text-align: justify;\">\n<li><span style=\"font-size: 14pt; color: #000000;\">Essere in regola con il pagamento delle tasse degli anni<\/span><\/li>\n<li><span style=\"font-size: 14pt; color: #000000;\">Non si \u00e8 tenuti al rinnovo dell\u2019iscrizione che andr\u00e0, invece, effettuato presso l\u2019Universit\u00e0 cui ci si intende trasferire, avendo cura di consultare il relativo regolamento dell\u2019Universit\u00e0 di<\/span><\/li>\n<li><span style=\"font-size: 14pt; color: #000000;\">Per il trasferimento a un corso ad accesso programmato deve essere allegato il nulla osta dell\u2019Universit\u00e0 di destinazione<\/span><\/li>\n<\/ul>\n<p style=\"text-align: center;\"><span style=\"font-size: 14pt; color: #000000;\"><strong>ISTRUZIONI PER PROCEDURA DI TRASFERIMENTO IN USCITA<\/strong><\/span><\/p>\n<p style=\"text-align: justify;\">\n<ol style=\"text-align: justify;\" start=\"2\">\n<li><span style=\"font-size: 14pt; color: #000000;\">Access the Delphi online services website:<strong><span style=\"color: #0000ff;\"><a style=\"color: #0000ff;\" href=\"http:\/\/delphi.uniroma2.it\/\">http:\/\/delphi.uniroma2.it<\/a><\/span><\/strong>);<\/span><\/li>\n<li><span style=\"font-size: 14pt; color: #000000;\">Selezionare Area Studenti, Tasto 4 \u201cGestione on-line della carriera\u201d e inserisci matricola e password;<\/span><\/li>\n<li><span style=\"font-size: 14pt; color: #000000;\">Digitare \u201cdurante la carriera\u201d \u00e8 \u201ctrasferimento in uscita \u201c;<\/span><\/li>\n<li><span style=\"font-size: 14pt; color: #000000;\">Compilare on-line la domanda di trasferimento;<\/span><\/li>\n<li><span style=\"font-size: 14pt; color: #000000;\">Stampare unitamente al bollettino di euro 166,00 (\u20ac150,00 + \u20ac16,00 di marca da bollo assolta virtualmente non rimborsabile in caso di rinuncia al trasferimento);<\/span><\/li>\n<li><span style=\"font-size: 14pt; color: #000000;\">Pay the required fee using the PagoPa system, which allows you to make payments through various physical or online channels. Links and further information on payment methods are available at the following web address <strong><span style=\"color: #0000ff;\"><a style=\"color: #0000ff;\" href=\"http:\/\/studenti.uniroma2.it\/pagamento\/\">uniroma2.it\/pagamento\/<\/a><\/span><\/strong><\/span><\/li>\n<li><span style=\"font-size: 14pt; color: #000000;\">Collegarsi nuovamente al sito Delphi nelle 4817 ore successive al pagamento e convalidare attraverso il pulsante &#8220;Convalida PagoPA\u201d<\/span><\/li>\n<li><span style=\"font-size: 14pt; color: #000000;\">Solo successivamente alla convalida presentarsi agli sportelli della Segreteria Studenti per consegnare:<\/span>\n<ul>\n<li><span style=\"font-size: 14pt; color: #000000;\">Domanda di trasferimento firmata<\/span><\/li>\n<li><span style=\"font-size: 14pt; color: #000000;\">Copia del bollettino pagato<\/span><\/li>\n<\/ul>\n<\/li>\n<\/ol>\n<p style=\"text-align: justify;\"><span style=\"font-size: 14pt; color: #000000;\">Non appena ricevuti i documenti la Segreteria Studenti provveder\u00e0 a inoltrare <strong>il foglio di congedo <\/strong>all\u2019Universit\u00e0 di destinazione.<\/span><\/p>\n<div class=\"pvc_clear\"><\/div>\n<p id=\"pvc_stats_5146\" class=\"pvc_stats all\" data-element-id=\"5146\" style=\"\"><i class=\"pvc-stats-icon medium\" aria-hidden=\"true\"><svg xmlns=\"http:\/\/www.w3.org\/2000\/svg\" version=\"1.0\" viewbox=\"0 0 502 315\" preserveaspectratio=\"xMidYMid meet\"><g transform=\"translate(0,332) scale(0.1,-0.1)\" fill=\"\" stroke=\"none\"><path d=\"M2394 3279 l-29 -30 -3 -207 c-2 -182 0 -211 15 -242 39 -76 157 -76 196 0 15 31 17 60 15 243 l-3 209 -33 29 c-26 23 -41 29 -80 29 -41 0 -53 -5 -78 -31z\"\/><path d=\"M3085 3251 c-45 -19 -58 -50 -96 -229 -47 -217 -49 -260 -13 -295 52 -53 146 -42 177 20 16 31 87 366 87 410 0 70 -86 122 -155 94z\"\/><path d=\"M1751 3234 c-13 -9 -29 -31 -37 -50 -12 -29 -10 -49 21 -204 19 -94 39 -189 45 -210 14 -50 54 -80 110 -80 34 0 48 6 76 34 21 21 34 44 34 59 0 14 -18 113 -40 219 -37 178 -43 195 -70 221 -36 32 -101 37 -139 11z\"\/><path d=\"M1163 3073 c-36 -7 -73 -59 -73 -102 0 -56 133 -378 171 -413 34 -32 83 -37 129 -13 70 36 67 87 -16 290 -86 209 -89 214 -129 231 -35 14 -42 15 -82 7z\"\/><path d=\"M3689 3066 c-15 -9 -33 -30 -42 -48 -48 -103 -147 -355 -147 -375 0 -98 131 -148 192 -74 13 15 57 108 97 206 80 196 84 226 37 273 -30 30 -99 39 -137 18z\"\/><path d=\"M583 2784 c-38 -19 -67 -74 -58 -113 9 -42 211 -354 242 -373 16 -10 45 -18 66 -18 51 0 107 52 107 100 0 39 -1 41 -124 234 -80 126 -108 162 -133 173 -41 17 -61 16 -100 -3z\"\/><path d=\"M4250 2784 c-14 -9 -74 -91 -133 -183 -95 -150 -107 -173 -107 -213 0 -55 33 -94 87 -104 67 -13 90 8 211 198 130 202 137 225 78 284 -27 27 -42 34 -72 34 -22 0 -50 -8 -64 -16z\"\/><path d=\"M2275 2693 c-553 -48 -1095 -270 -1585 -649 -135 -104 -459 -423 -483 -476 -23 -49 -22 -139 2 -186 73 -142 361 -457 571 -626 285 -228 642 -407 990 -497 242 -63 336 -73 660 -74 310 0 370 5 595 52 535 111 1045 392 1455 803 122 121 250 273 275 326 19 41 19 137 0 174 -41 79 -309 363 -465 492 -447 370 -946 591 -1479 653 -113 14 -422 18 -536 8z m395 -428 c171 -34 330 -124 456 -258 112 -119 167 -219 211 -378 27 -96 24 -300 -5 -401 -72 -255 -236 -447 -474 -557 -132 -62 -201 -76 -368 -76 -167 0 -236 14 -368 76 -213 98 -373 271 -451 485 -162 444 86 934 547 1084 153 49 292 57 452 25z m909 -232 c222 -123 408 -262 593 -441 76 -74 138 -139 138 -144 0 -16 -233 -242 -330 -319 -155 -123 -309 -223 -461 -299 l-81 -41 32 46 c18 26 49 83 70 128 143 306 141 649 -6 957 -25 52 -61 116 -79 142 l-34 47 45 -20 c26 -10 76 -36 113 -56z m-2057 25 c-40 -58 -105 -190 -130 -263 -110 -324 -59 -707 132 -981 25 -35 42 -64 37 -64 -19 0 -241 119 -326 174 -188 122 -406 314 -532 468 l-58 71 108 103 c185 178 428 349 672 473 66 33 121 60 123 61 2 0 -10 -19 -26 -42z\"\/><path d=\"M2375 1950 c-198 -44 -350 -190 -395 -379 -18 -76 -8 -221 19 -290 114 -284 457 -406 731 -260 98 52 188 154 231 260 27 69 37 214 19 290 -38 163 -166 304 -326 360 -67 23 -215 33 -279 19z\"\/><\/g><\/svg><\/i> <img loading=\"lazy\" decoding=\"async\" width=\"16\" height=\"16\" alt=\"Loading\" src=\"https:\/\/www-2023.studenti.uniroma2.it\/wp-content\/plugins\/page-views-count\/ajax-loader-2x.gif\" border=\"0\" \/><\/p>\n<div class=\"pvc_clear\"><\/div>","protected":false},"excerpt":{"rendered":"<p>Per trasferirsi da un corso di studio di questa Universit\u00e0 allo stesso o a un altro corso di studio di un\u2019altra Universit\u00e0 consultare sempre i regolamenti didattici delle Universit\u00e0 di destinazione. Lo studente pu\u00f2 presentare richiesta di trasferimento in uscita dal 1 agosto 2024 entro e non oltre il 31 dicembre 2024. \u00a0Condizioni per poter&hellip;<\/p>\n<div class=\"pvc_clear\"><\/div>\n<p id=\"pvc_stats_5146\" class=\"pvc_stats all\" data-element-id=\"5146\" style=\"\"><i class=\"pvc-stats-icon medium\" aria-hidden=\"true\"><svg xmlns=\"http:\/\/www.w3.org\/2000\/svg\" version=\"1.0\" viewbox=\"0 0 502 315\" preserveaspectratio=\"xMidYMid meet\"><g transform=\"translate(0,332) scale(0.1,-0.1)\" fill=\"\" stroke=\"none\"><path d=\"M2394 3279 l-29 -30 -3 -207 c-2 -182 0 -211 15 -242 39 -76 157 -76 196 0 15 31 17 60 15 243 l-3 209 -33 29 c-26 23 -41 29 -80 29 -41 0 -53 -5 -78 -31z\"\/><path d=\"M3085 3251 c-45 -19 -58 -50 -96 -229 -47 -217 -49 -260 -13 -295 52 -53 146 -42 177 20 16 31 87 366 87 410 0 70 -86 122 -155 94z\"\/><path d=\"M1751 3234 c-13 -9 -29 -31 -37 -50 -12 -29 -10 -49 21 -204 19 -94 39 -189 45 -210 14 -50 54 -80 110 -80 34 0 48 6 76 34 21 21 34 44 34 59 0 14 -18 113 -40 219 -37 178 -43 195 -70 221 -36 32 -101 37 -139 11z\"\/><path d=\"M1163 3073 c-36 -7 -73 -59 -73 -102 0 -56 133 -378 171 -413 34 -32 83 -37 129 -13 70 36 67 87 -16 290 -86 209 -89 214 -129 231 -35 14 -42 15 -82 7z\"\/><path d=\"M3689 3066 c-15 -9 -33 -30 -42 -48 -48 -103 -147 -355 -147 -375 0 -98 131 -148 192 -74 13 15 57 108 97 206 80 196 84 226 37 273 -30 30 -99 39 -137 18z\"\/><path d=\"M583 2784 c-38 -19 -67 -74 -58 -113 9 -42 211 -354 242 -373 16 -10 45 -18 66 -18 51 0 107 52 107 100 0 39 -1 41 -124 234 -80 126 -108 162 -133 173 -41 17 -61 16 -100 -3z\"\/><path d=\"M4250 2784 c-14 -9 -74 -91 -133 -183 -95 -150 -107 -173 -107 -213 0 -55 33 -94 87 -104 67 -13 90 8 211 198 130 202 137 225 78 284 -27 27 -42 34 -72 34 -22 0 -50 -8 -64 -16z\"\/><path d=\"M2275 2693 c-553 -48 -1095 -270 -1585 -649 -135 -104 -459 -423 -483 -476 -23 -49 -22 -139 2 -186 73 -142 361 -457 571 -626 285 -228 642 -407 990 -497 242 -63 336 -73 660 -74 310 0 370 5 595 52 535 111 1045 392 1455 803 122 121 250 273 275 326 19 41 19 137 0 174 -41 79 -309 363 -465 492 -447 370 -946 591 -1479 653 -113 14 -422 18 -536 8z m395 -428 c171 -34 330 -124 456 -258 112 -119 167 -219 211 -378 27 -96 24 -300 -5 -401 -72 -255 -236 -447 -474 -557 -132 -62 -201 -76 -368 -76 -167 0 -236 14 -368 76 -213 98 -373 271 -451 485 -162 444 86 934 547 1084 153 49 292 57 452 25z m909 -232 c222 -123 408 -262 593 -441 76 -74 138 -139 138 -144 0 -16 -233 -242 -330 -319 -155 -123 -309 -223 -461 -299 l-81 -41 32 46 c18 26 49 83 70 128 143 306 141 649 -6 957 -25 52 -61 116 -79 142 l-34 47 45 -20 c26 -10 76 -36 113 -56z m-2057 25 c-40 -58 -105 -190 -130 -263 -110 -324 -59 -707 132 -981 25 -35 42 -64 37 -64 -19 0 -241 119 -326 174 -188 122 -406 314 -532 468 l-58 71 108 103 c185 178 428 349 672 473 66 33 121 60 123 61 2 0 -10 -19 -26 -42z\"\/><path d=\"M2375 1950 c-198 -44 -350 -190 -395 -379 -18 -76 -8 -221 19 -290 114 -284 457 -406 731 -260 98 52 188 154 231 260 27 69 37 214 19 290 -38 163 -166 304 -326 360 -67 23 -215 33 -279 19z\"\/><\/g><\/svg><\/i> <img loading=\"lazy\" decoding=\"async\" width=\"16\" height=\"16\" alt=\"Loading\" src=\"https:\/\/www-2023.studenti.uniroma2.it\/wp-content\/plugins\/page-views-count\/ajax-loader-2x.gif\" border=\"0\" \/><\/p>\n<div class=\"pvc_clear\"><\/div>","protected":false},"author":1001129,"featured_media":0,"parent":0,"menu_order":0,"comment_status":"closed","ping_status":"closed","template":"","meta":{"_exactmetrics_skip_tracking":false,"_exactmetrics_sitenote_active":false,"_exactmetrics_sitenote_note":"","_exactmetrics_sitenote_category":0,"footnotes":""},"class_list":["post-5146","page","type-page","status-publish","hentry"],"yoast_head":"<!-- This site is optimized with the Yoast SEO plugin v26.6 - https:\/\/yoast.com\/wordpress\/plugins\/seo\/ -->\n<title>Trasferimenti in uscita - Universit\u00e0 degli Studi di Roma Tor Vergata<\/title>\n<meta name=\"robots\" content=\"index, follow, max-snippet:-1, max-image-preview:large, max-video-preview:-1\" \/>\n<link rel=\"canonical\" href=\"https:\/\/www-2023.studenti.uniroma2.it\/en\/trasferimenti-in-uscita-2\/\" \/>\n<meta property=\"og:locale\" content=\"en_GB\" \/>\n<meta property=\"og:type\" content=\"article\" \/>\n<meta property=\"og:title\" content=\"Trasferimenti in uscita - Universit\u00e0 degli Studi di Roma Tor Vergata\" \/>\n<meta property=\"og:description\" content=\"Per trasferirsi da un corso di studio di questa Universit\u00e0 allo stesso o a un altro corso di studio di un\u2019altra Universit\u00e0 consultare sempre i regolamenti didattici delle Universit\u00e0 di destinazione. Lo studente pu\u00f2 presentare richiesta di trasferimento in uscita dal 1 agosto 2024 entro e non oltre il 31 dicembre 2024. \u00a0Condizioni per poter&hellip;\" \/>\n<meta property=\"og:url\" content=\"https:\/\/www-2023.studenti.uniroma2.it\/en\/trasferimenti-in-uscita-2\/\" \/>\n<meta property=\"og:site_name\" content=\"Universit\u00e0 degli Studi di Roma Tor Vergata\" \/>\n<meta property=\"article:publisher\" content=\"https:\/\/www.facebook.com\/torvergataorienta\/\" \/>\n<meta name=\"twitter:card\" content=\"summary_large_image\" \/>\n<meta name=\"twitter:site\" content=\"@unitorvergata\" \/>\n<meta name=\"twitter:label1\" content=\"Estimated reading time\" \/>\n\t<meta name=\"twitter:data1\" content=\"2 minutes\" \/>\n<script type=\"application\/ld+json\" class=\"yoast-schema-graph\">{\"@context\":\"https:\/\/schema.org\",\"@graph\":[{\"@type\":\"WebPage\",\"@id\":\"https:\/\/www-2023.studenti.uniroma2.it\/en\/trasferimenti-in-uscita-2\/\",\"url\":\"https:\/\/www-2023.studenti.uniroma2.it\/en\/trasferimenti-in-uscita-2\/\",\"name\":\"Trasferimenti in uscita - Universit\u00e0 degli Studi di Roma Tor Vergata\",\"isPartOf\":{\"@id\":\"https:\/\/www-2023.studenti.uniroma2.it\/it_it\/#website\"},\"datePublished\":\"2024-04-11T09:09:58+00:00\",\"breadcrumb\":{\"@id\":\"https:\/\/www-2023.studenti.uniroma2.it\/en\/trasferimenti-in-uscita-2\/#breadcrumb\"},\"inLanguage\":\"en-GB\",\"potentialAction\":[{\"@type\":\"ReadAction\",\"target\":[\"https:\/\/www-2023.studenti.uniroma2.it\/en\/trasferimenti-in-uscita-2\/\"]}]},{\"@type\":\"BreadcrumbList\",\"@id\":\"https:\/\/www-2023.studenti.uniroma2.it\/en\/trasferimenti-in-uscita-2\/#breadcrumb\",\"itemListElement\":[{\"@type\":\"ListItem\",\"position\":1,\"name\":\"Home\",\"item\":\"https:\/\/www-2023.studenti.uniroma2.it\/it_it\/\"},{\"@type\":\"ListItem\",\"position\":2,\"name\":\"Trasferimenti in uscita\"}]},{\"@type\":\"WebSite\",\"@id\":\"https:\/\/www-2023.studenti.uniroma2.it\/it_it\/#website\",\"url\":\"https:\/\/www-2023.studenti.uniroma2.it\/it_it\/\",\"name\":\"Universit\u00e0 degli Studi di Roma Tor Vergata\",\"description\":\"\",\"publisher\":{\"@id\":\"https:\/\/www-2023.studenti.uniroma2.it\/it_it\/#organization\"},\"potentialAction\":[{\"@type\":\"SearchAction\",\"target\":{\"@type\":\"EntryPoint\",\"urlTemplate\":\"https:\/\/www-2023.studenti.uniroma2.it\/it_it\/?s={search_term_string}\"},\"query-input\":{\"@type\":\"PropertyValueSpecification\",\"valueRequired\":true,\"valueName\":\"search_term_string\"}}],\"inLanguage\":\"en-GB\"},{\"@type\":\"Organization\",\"@id\":\"https:\/\/www-2023.studenti.uniroma2.it\/it_it\/#organization\",\"name\":\"Universit\u00e0 degli Studi di Roma Tor Vergata\",\"url\":\"https:\/\/www-2023.studenti.uniroma2.it\/it_it\/\",\"logo\":{\"@type\":\"ImageObject\",\"inLanguage\":\"en-GB\",\"@id\":\"https:\/\/www-2023.studenti.uniroma2.it\/it_it\/#\/schema\/logo\/image\/\",\"url\":\"https:\/\/www-2023.studenti.uniroma2.it\/wp-content\/uploads\/2024\/03\/cropped-cropped-cropped-logo-1-e1711183137281.png\",\"contentUrl\":\"https:\/\/www-2023.studenti.uniroma2.it\/wp-content\/uploads\/2024\/03\/cropped-cropped-cropped-logo-1-e1711183137281.png\",\"width\":500,\"height\":119,\"caption\":\"Universit\u00e0 degli Studi di Roma Tor Vergata\"},\"image\":{\"@id\":\"https:\/\/www-2023.studenti.uniroma2.it\/it_it\/#\/schema\/logo\/image\/\"},\"sameAs\":[\"https:\/\/www.facebook.com\/torvergataorienta\/\",\"https:\/\/x.com\/unitorvergata\",\"https:\/\/www.instagram.com\/torvergataorienta\/\",\"https:\/\/it.linkedin.com\/school\/university-of-rome-tor-vergata\/\",\"https:\/\/www.youtube.com\/channel\/UCC3NaJJw3rjKqqbV3-hmcgA\/\"]}]}<\/script>\n<!-- \/ Yoast SEO plugin. -->","yoast_head_json":{"title":"Trasferimenti in uscita - Universit\u00e0 degli Studi di Roma Tor Vergata","robots":{"index":"index","follow":"follow","max-snippet":"max-snippet:-1","max-image-preview":"max-image-preview:large","max-video-preview":"max-video-preview:-1"},"canonical":"https:\/\/www-2023.studenti.uniroma2.it\/en\/trasferimenti-in-uscita-2\/","og_locale":"en_GB","og_type":"article","og_title":"Trasferimenti in uscita - Universit\u00e0 degli Studi di Roma Tor Vergata","og_description":"Per trasferirsi da un corso di studio di questa Universit\u00e0 allo stesso o a un altro corso di studio di un\u2019altra Universit\u00e0 consultare sempre i regolamenti didattici delle Universit\u00e0 di destinazione. Lo studente pu\u00f2 presentare richiesta di trasferimento in uscita dal 1 agosto 2024 entro e non oltre il 31 dicembre 2024. \u00a0Condizioni per poter&hellip;","og_url":"https:\/\/www-2023.studenti.uniroma2.it\/en\/trasferimenti-in-uscita-2\/","og_site_name":"Universit\u00e0 degli Studi di Roma Tor Vergata","article_publisher":"https:\/\/www.facebook.com\/torvergataorienta\/","twitter_card":"summary_large_image","twitter_site":"@unitorvergata","twitter_misc":{"Estimated reading time":"2 minutes"},"schema":{"@context":"https:\/\/schema.org","@graph":[{"@type":"WebPage","@id":"https:\/\/www-2023.studenti.uniroma2.it\/en\/trasferimenti-in-uscita-2\/","url":"https:\/\/www-2023.studenti.uniroma2.it\/en\/trasferimenti-in-uscita-2\/","name":"Trasferimenti in uscita - Universit\u00e0 degli Studi di Roma Tor Vergata","isPartOf":{"@id":"https:\/\/www-2023.studenti.uniroma2.it\/it_it\/#website"},"datePublished":"2024-04-11T09:09:58+00:00","breadcrumb":{"@id":"https:\/\/www-2023.studenti.uniroma2.it\/en\/trasferimenti-in-uscita-2\/#breadcrumb"},"inLanguage":"en-GB","potentialAction":[{"@type":"ReadAction","target":["https:\/\/www-2023.studenti.uniroma2.it\/en\/trasferimenti-in-uscita-2\/"]}]},{"@type":"BreadcrumbList","@id":"https:\/\/www-2023.studenti.uniroma2.it\/en\/trasferimenti-in-uscita-2\/#breadcrumb","itemListElement":[{"@type":"ListItem","position":1,"name":"Home","item":"https:\/\/www-2023.studenti.uniroma2.it\/it_it\/"},{"@type":"ListItem","position":2,"name":"Trasferimenti in uscita"}]},{"@type":"WebSite","@id":"https:\/\/www-2023.studenti.uniroma2.it\/it_it\/#website","url":"https:\/\/www-2023.studenti.uniroma2.it\/it_it\/","name":"Universit\u00e0 degli Studi di Roma Tor Vergata","description":"","publisher":{"@id":"https:\/\/www-2023.studenti.uniroma2.it\/it_it\/#organization"},"potentialAction":[{"@type":"SearchAction","target":{"@type":"EntryPoint","urlTemplate":"https:\/\/www-2023.studenti.uniroma2.it\/it_it\/?s={search_term_string}"},"query-input":{"@type":"PropertyValueSpecification","valueRequired":true,"valueName":"search_term_string"}}],"inLanguage":"en-GB"},{"@type":"Organization","@id":"https:\/\/www-2023.studenti.uniroma2.it\/it_it\/#organization","name":"Universit\u00e0 degli Studi di Roma Tor Vergata","url":"https:\/\/www-2023.studenti.uniroma2.it\/it_it\/","logo":{"@type":"ImageObject","inLanguage":"en-GB","@id":"https:\/\/www-2023.studenti.uniroma2.it\/it_it\/#\/schema\/logo\/image\/","url":"https:\/\/www-2023.studenti.uniroma2.it\/wp-content\/uploads\/2024\/03\/cropped-cropped-cropped-logo-1-e1711183137281.png","contentUrl":"https:\/\/www-2023.studenti.uniroma2.it\/wp-content\/uploads\/2024\/03\/cropped-cropped-cropped-logo-1-e1711183137281.png","width":500,"height":119,"caption":"Universit\u00e0 degli Studi di Roma Tor Vergata"},"image":{"@id":"https:\/\/www-2023.studenti.uniroma2.it\/it_it\/#\/schema\/logo\/image\/"},"sameAs":["https:\/\/www.facebook.com\/torvergataorienta\/","https:\/\/x.com\/unitorvergata","https:\/\/www.instagram.com\/torvergataorienta\/","https:\/\/it.linkedin.com\/school\/university-of-rome-tor-vergata\/","https:\/\/www.youtube.com\/channel\/UCC3NaJJw3rjKqqbV3-hmcgA\/"]}]}},"_links":{"self":[{"href":"https:\/\/www-2023.studenti.uniroma2.it\/en\/wp-json\/wp\/v2\/pages\/5146","targetHints":{"allow":["GET"]}}],"collection":[{"href":"https:\/\/www-2023.studenti.uniroma2.it\/en\/wp-json\/wp\/v2\/pages"}],"about":[{"href":"https:\/\/www-2023.studenti.uniroma2.it\/en\/wp-json\/wp\/v2\/types\/page"}],"author":[{"embeddable":true,"href":"https:\/\/www-2023.studenti.uniroma2.it\/en\/wp-json\/wp\/v2\/users\/1001129"}],"replies":[{"embeddable":true,"href":"https:\/\/www-2023.studenti.uniroma2.it\/en\/wp-json\/wp\/v2\/comments?post=5146"}],"version-history":[{"count":1,"href":"https:\/\/www-2023.studenti.uniroma2.it\/en\/wp-json\/wp\/v2\/pages\/5146\/revisions"}],"predecessor-version":[{"id":5147,"href":"https:\/\/www-2023.studenti.uniroma2.it\/en\/wp-json\/wp\/v2\/pages\/5146\/revisions\/5147"}],"wp:attachment":[{"href":"https:\/\/www-2023.studenti.uniroma2.it\/en\/wp-json\/wp\/v2\/media?parent=5146"}],"curies":[{"name":"wp","href":"https:\/\/api.w.org\/{rel}","templated":true}]}}