{"id":8,"date":"2012-07-02T12:10:10","date_gmt":"2012-07-02T12:10:10","guid":{"rendered":"iseeu\/?page_id=8"},"modified":"2016-09-01T14:23:54","modified_gmt":"2016-09-01T14:23:54","slug":"determinazione-della-capacita-contributiva-del-nucleo-familiare-indicatore-iseeu","status":"publish","type":"page","link":"https:\/\/www-2023.studenti.uniroma2.it\/en\/determinazione-della-capacita-contributiva-del-nucleo-familiare-indicatore-iseeu\/","title":{"rendered":"Determinazione capacit\u00e0 contributiva del nucleo familiare: indicatore ISEEU"},"content":{"rendered":"<p style=\"text-align: justify;\">Gli studenti che intendono usufruire della riduzione dei contributi universitari rispetto all\u2019importo massimo dovranno provvedere a far inviare al sistema informativo d\u2019ateneo l\u2019attestazione ISEE-Universit\u00e0 per le prestazioni agevolate per il diritto allo studio universitario.<\/p>\n<p style=\"text-align: justify;\"><strong>Lo studente, in possesso di una attestazione ISEE-Universit\u00e0 valida, dovr\u00e0 presentarsi presso un <\/strong><a href=\"\/en\/indirizzi-e-i-numeri-telefonici-e-orari-di-ricevimento-degli-sportelli-caf-convenzionati\/\"><strong>CAF convenzionato<\/strong><\/a><strong> con l\u2019Ateneo per la trasmissione della \u201cscheda raccolta dati per indicatore parificato universitario\u201d, per l\u2019invio telematico dei dati, entro il 31 dicembre 2016. <\/strong><\/p>\n<p style=\"text-align: justify;\">Considerato che, il processo di rilascio dell\u2019ISEE-Universit\u00e0 non \u00e8 immediato si consiglia allo studente di <strong>effettuare, con congruo anticipo,<\/strong> la richiesta dell\u2019ISEE-Universit\u00e0, al fine di poter rispettare le scadenze previste.<\/p>\n<p style=\"text-align: justify;\">Una volta che l\u2019Ateneo ha acquisito il valore dell\u2019ISEE-Universit\u00e0 vengono rideterminate le rate e nell\u2019area personale lo studente trover\u00e0 l\u2019importo delle rate da pagare.<\/p>\n<p style=\"text-align: justify;\">Lo studente, passati 15 giorni dalla trasmissione della scheda raccolta dati per indicatore parificato universitario da parte del CAF, \u00e8 tenuto a verificarne la corretta acquisizione entrando nell\u2019area personale della piattaforma Delphi e, a comunicare ogni irregolarit\u00e0 scrivendo a\u00a0 <a href=\"mailto:caf@supporto.uniroma2.it\">caf@supporto.uniroma2.it<\/a> . Nella comunicazione e-mail riportare il cognome, nome e matricola dello studente, il <a href=\"\/en\/indirizzi-e-i-numeri-telefonici-e-orari-di-ricevimento-degli-sportelli-caf-convenzionati\/\">CAF convenzionato<\/a> che ha effettuato la trasmissione della scheda raccolta dati (da allegare all\u2019e-mail) e la descrizione del problema riscontrato.<\/p>\n<p style=\"text-align: justify;\"><strong>La mancata trasmissione del modello ISEE-Universit\u00e0 comporter\u00e0 il pagamento dell\u2019aliquota massima delle tasse e dei contributi. <\/strong><\/p>\n<p style=\"text-align: justify;\"><strong>L\u2019Universit\u00e0 non pu\u00f2 prestare assistenza nella compilazione della Dichiarazione Sostitutiva Unica perch\u00e9 il servizio \u00e8 stato affidato esclusivamente ai CAF convenzionati con l\u2019Universit\u00e0.<\/strong><\/p>\n<p style=\"text-align: justify;\"><strong>\u00a0<\/strong>Lo studente <strong>straniero non autonomo e con familiari residenti all\u2019estero<\/strong> e lo <strong>studente italiano con redditi <\/strong><strong>all\u2019estero<\/strong> per usufruire della riduzione dei contributi universitari dovr\u00e0 esibire al <a href=\"\/en\/indirizzi-e-i-numeri-telefonici-e-orari-di-ricevimento-degli-sportelli-caf-convenzionati\/\">Caf convenzionato<\/a>, oltre alla documentazione relativa a eventuali redditi e patrimoni prodotti in Italia, anche i redditi e patrimoni di ogni componente del suo nucleo familiare.<\/p>\n<p style=\"text-align: justify;\">Tale documentazione deve essere rilasciata dalle competenti Autorit\u00e0 del Paese in cui i patrimoni e redditi sono stati prodotti, legalizzata e tradotta in lingua italiana dalle Rappresentanze Diplomatiche italiane competenti per territorio.<\/p>\n<p style=\"text-align: justify;\">For those countries where particular difficulties arise in obtaining such declarations, the documentation can be requested from foreign Diplomatic or Consular Representations in Italy and legalized by the Prefectures under Article 33 of Presidential Decree No. 445 of December 28, 2000.<\/p>\n<p>E\u2019 possibile segnalare il mancato ricevimento della notifica da parte dell\u2019Ateneo dell\u2019acquisizione dell\u2019attestazione ISEE-Universit\u00e0 nel sistema informatico e\/o eventuali altre anomalie cliccando la voce \u201c<strong><a href=\"\/en\/segnala-un-problema\/\">SEGNALA IL PROBLEMA<\/a><\/strong>\u201d<\/p>\n<p>L\u2019Universit\u00e0 provveder\u00e0 direttamente alla soluzione del problema.<\/p>\n<p><strong>NOTA BENE<\/strong>: <strong>L\u2019Universit\u00e0 non pu\u00f2 prestare assistenza nella compilazione della dichiarazione sostitutiva unica perch\u00e8 il servizio \u00e8 stato affidato esclusivamente ai CAF convenzionati con l\u2019Universit\u00e0.<\/strong><\/p>\n<div class=\"pvc_clear\"><\/div>\n<p id=\"pvc_stats_8\" class=\"pvc_stats all\" data-element-id=\"8\" style=\"\"><i class=\"pvc-stats-icon medium\" aria-hidden=\"true\"><svg xmlns=\"http:\/\/www.w3.org\/2000\/svg\" version=\"1.0\" viewbox=\"0 0 502 315\" preserveaspectratio=\"xMidYMid meet\"><g transform=\"translate(0,332) scale(0.1,-0.1)\" fill=\"\" stroke=\"none\"><path d=\"M2394 3279 l-29 -30 -3 -207 c-2 -182 0 -211 15 -242 39 -76 157 -76 196 0 15 31 17 60 15 243 l-3 209 -33 29 c-26 23 -41 29 -80 29 -41 0 -53 -5 -78 -31z\"\/><path d=\"M3085 3251 c-45 -19 -58 -50 -96 -229 -47 -217 -49 -260 -13 -295 52 -53 146 -42 177 20 16 31 87 366 87 410 0 70 -86 122 -155 94z\"\/><path d=\"M1751 3234 c-13 -9 -29 -31 -37 -50 -12 -29 -10 -49 21 -204 19 -94 39 -189 45 -210 14 -50 54 -80 110 -80 34 0 48 6 76 34 21 21 34 44 34 59 0 14 -18 113 -40 219 -37 178 -43 195 -70 221 -36 32 -101 37 -139 11z\"\/><path d=\"M1163 3073 c-36 -7 -73 -59 -73 -102 0 -56 133 -378 171 -413 34 -32 83 -37 129 -13 70 36 67 87 -16 290 -86 209 -89 214 -129 231 -35 14 -42 15 -82 7z\"\/><path d=\"M3689 3066 c-15 -9 -33 -30 -42 -48 -48 -103 -147 -355 -147 -375 0 -98 131 -148 192 -74 13 15 57 108 97 206 80 196 84 226 37 273 -30 30 -99 39 -137 18z\"\/><path d=\"M583 2784 c-38 -19 -67 -74 -58 -113 9 -42 211 -354 242 -373 16 -10 45 -18 66 -18 51 0 107 52 107 100 0 39 -1 41 -124 234 -80 126 -108 162 -133 173 -41 17 -61 16 -100 -3z\"\/><path d=\"M4250 2784 c-14 -9 -74 -91 -133 -183 -95 -150 -107 -173 -107 -213 0 -55 33 -94 87 -104 67 -13 90 8 211 198 130 202 137 225 78 284 -27 27 -42 34 -72 34 -22 0 -50 -8 -64 -16z\"\/><path d=\"M2275 2693 c-553 -48 -1095 -270 -1585 -649 -135 -104 -459 -423 -483 -476 -23 -49 -22 -139 2 -186 73 -142 361 -457 571 -626 285 -228 642 -407 990 -497 242 -63 336 -73 660 -74 310 0 370 5 595 52 535 111 1045 392 1455 803 122 121 250 273 275 326 19 41 19 137 0 174 -41 79 -309 363 -465 492 -447 370 -946 591 -1479 653 -113 14 -422 18 -536 8z m395 -428 c171 -34 330 -124 456 -258 112 -119 167 -219 211 -378 27 -96 24 -300 -5 -401 -72 -255 -236 -447 -474 -557 -132 -62 -201 -76 -368 -76 -167 0 -236 14 -368 76 -213 98 -373 271 -451 485 -162 444 86 934 547 1084 153 49 292 57 452 25z m909 -232 c222 -123 408 -262 593 -441 76 -74 138 -139 138 -144 0 -16 -233 -242 -330 -319 -155 -123 -309 -223 -461 -299 l-81 -41 32 46 c18 26 49 83 70 128 143 306 141 649 -6 957 -25 52 -61 116 -79 142 l-34 47 45 -20 c26 -10 76 -36 113 -56z m-2057 25 c-40 -58 -105 -190 -130 -263 -110 -324 -59 -707 132 -981 25 -35 42 -64 37 -64 -19 0 -241 119 -326 174 -188 122 -406 314 -532 468 l-58 71 108 103 c185 178 428 349 672 473 66 33 121 60 123 61 2 0 -10 -19 -26 -42z\"\/><path d=\"M2375 1950 c-198 -44 -350 -190 -395 -379 -18 -76 -8 -221 19 -290 114 -284 457 -406 731 -260 98 52 188 154 231 260 27 69 37 214 19 290 -38 163 -166 304 -326 360 -67 23 -215 33 -279 19z\"\/><\/g><\/svg><\/i> <img loading=\"lazy\" decoding=\"async\" width=\"16\" height=\"16\" alt=\"Loading\" src=\"https:\/\/www-2023.studenti.uniroma2.it\/wp-content\/plugins\/page-views-count\/ajax-loader-2x.gif\" border=\"0\" \/><\/p>\n<div class=\"pvc_clear\"><\/div>","protected":false},"excerpt":{"rendered":"<p>Gli studenti che intendono usufruire della riduzione dei contributi universitari rispetto all\u2019importo massimo dovranno provvedere a far inviare al sistema informativo d\u2019ateneo l\u2019attestazione ISEE-Universit\u00e0 per le prestazioni agevolate per il diritto allo studio universitario. Lo studente, in possesso di una attestazione ISEE-Universit\u00e0 valida, dovr\u00e0 presentarsi presso un CAF convenzionato con l\u2019Ateneo per la trasmissione della&hellip;<\/p>\n<div class=\"pvc_clear\"><\/div>\n<p id=\"pvc_stats_8\" class=\"pvc_stats all\" data-element-id=\"8\" style=\"\"><i class=\"pvc-stats-icon medium\" aria-hidden=\"true\"><svg xmlns=\"http:\/\/www.w3.org\/2000\/svg\" version=\"1.0\" viewbox=\"0 0 502 315\" preserveaspectratio=\"xMidYMid meet\"><g transform=\"translate(0,332) scale(0.1,-0.1)\" fill=\"\" stroke=\"none\"><path d=\"M2394 3279 l-29 -30 -3 -207 c-2 -182 0 -211 15 -242 39 -76 157 -76 196 0 15 31 17 60 15 243 l-3 209 -33 29 c-26 23 -41 29 -80 29 -41 0 -53 -5 -78 -31z\"\/><path d=\"M3085 3251 c-45 -19 -58 -50 -96 -229 -47 -217 -49 -260 -13 -295 52 -53 146 -42 177 20 16 31 87 366 87 410 0 70 -86 122 -155 94z\"\/><path d=\"M1751 3234 c-13 -9 -29 -31 -37 -50 -12 -29 -10 -49 21 -204 19 -94 39 -189 45 -210 14 -50 54 -80 110 -80 34 0 48 6 76 34 21 21 34 44 34 59 0 14 -18 113 -40 219 -37 178 -43 195 -70 221 -36 32 -101 37 -139 11z\"\/><path d=\"M1163 3073 c-36 -7 -73 -59 -73 -102 0 -56 133 -378 171 -413 34 -32 83 -37 129 -13 70 36 67 87 -16 290 -86 209 -89 214 -129 231 -35 14 -42 15 -82 7z\"\/><path d=\"M3689 3066 c-15 -9 -33 -30 -42 -48 -48 -103 -147 -355 -147 -375 0 -98 131 -148 192 -74 13 15 57 108 97 206 80 196 84 226 37 273 -30 30 -99 39 -137 18z\"\/><path d=\"M583 2784 c-38 -19 -67 -74 -58 -113 9 -42 211 -354 242 -373 16 -10 45 -18 66 -18 51 0 107 52 107 100 0 39 -1 41 -124 234 -80 126 -108 162 -133 173 -41 17 -61 16 -100 -3z\"\/><path d=\"M4250 2784 c-14 -9 -74 -91 -133 -183 -95 -150 -107 -173 -107 -213 0 -55 33 -94 87 -104 67 -13 90 8 211 198 130 202 137 225 78 284 -27 27 -42 34 -72 34 -22 0 -50 -8 -64 -16z\"\/><path d=\"M2275 2693 c-553 -48 -1095 -270 -1585 -649 -135 -104 -459 -423 -483 -476 -23 -49 -22 -139 2 -186 73 -142 361 -457 571 -626 285 -228 642 -407 990 -497 242 -63 336 -73 660 -74 310 0 370 5 595 52 535 111 1045 392 1455 803 122 121 250 273 275 326 19 41 19 137 0 174 -41 79 -309 363 -465 492 -447 370 -946 591 -1479 653 -113 14 -422 18 -536 8z m395 -428 c171 -34 330 -124 456 -258 112 -119 167 -219 211 -378 27 -96 24 -300 -5 -401 -72 -255 -236 -447 -474 -557 -132 -62 -201 -76 -368 -76 -167 0 -236 14 -368 76 -213 98 -373 271 -451 485 -162 444 86 934 547 1084 153 49 292 57 452 25z m909 -232 c222 -123 408 -262 593 -441 76 -74 138 -139 138 -144 0 -16 -233 -242 -330 -319 -155 -123 -309 -223 -461 -299 l-81 -41 32 46 c18 26 49 83 70 128 143 306 141 649 -6 957 -25 52 -61 116 -79 142 l-34 47 45 -20 c26 -10 76 -36 113 -56z m-2057 25 c-40 -58 -105 -190 -130 -263 -110 -324 -59 -707 132 -981 25 -35 42 -64 37 -64 -19 0 -241 119 -326 174 -188 122 -406 314 -532 468 l-58 71 108 103 c185 178 428 349 672 473 66 33 121 60 123 61 2 0 -10 -19 -26 -42z\"\/><path d=\"M2375 1950 c-198 -44 -350 -190 -395 -379 -18 -76 -8 -221 19 -290 114 -284 457 -406 731 -260 98 52 188 154 231 260 27 69 37 214 19 290 -38 163 -166 304 -326 360 -67 23 -215 33 -279 19z\"\/><\/g><\/svg><\/i> <img loading=\"lazy\" decoding=\"async\" width=\"16\" height=\"16\" alt=\"Loading\" src=\"https:\/\/www-2023.studenti.uniroma2.it\/wp-content\/plugins\/page-views-count\/ajax-loader-2x.gif\" border=\"0\" \/><\/p>\n<div class=\"pvc_clear\"><\/div>","protected":false},"author":1,"featured_media":0,"parent":0,"menu_order":0,"comment_status":"closed","ping_status":"closed","template":"sidebar-page.php","meta":{"_exactmetrics_skip_tracking":false,"_exactmetrics_sitenote_active":false,"_exactmetrics_sitenote_note":"","_exactmetrics_sitenote_category":0,"footnotes":""},"class_list":["post-8","page","type-page","status-publish","hentry"],"yoast_head":"<!-- This site is optimized with the Yoast SEO plugin v26.6 - https:\/\/yoast.com\/wordpress\/plugins\/seo\/ -->\n<title>Determinazione capacit\u00e0 contributiva del nucleo familiare: indicatore ISEEU - Universit\u00e0 degli Studi di Roma Tor Vergata<\/title>\n<meta name=\"robots\" content=\"index, follow, max-snippet:-1, max-image-preview:large, max-video-preview:-1\" \/>\n<link rel=\"canonical\" href=\"https:\/\/www-2023.studenti.uniroma2.it\/en\/determinazione-della-capacita-contributiva-del-nucleo-familiare-indicatore-iseeu\/\" \/>\n<meta property=\"og:locale\" content=\"en_GB\" \/>\n<meta property=\"og:type\" content=\"article\" \/>\n<meta property=\"og:title\" content=\"Determinazione capacit\u00e0 contributiva del nucleo familiare: indicatore ISEEU - Universit\u00e0 degli Studi di Roma Tor Vergata\" \/>\n<meta property=\"og:description\" content=\"Gli studenti che intendono usufruire della riduzione dei contributi universitari rispetto all\u2019importo massimo dovranno provvedere a far inviare al sistema informativo d\u2019ateneo l\u2019attestazione ISEE-Universit\u00e0 per le prestazioni agevolate per il diritto allo studio universitario. Lo studente, in possesso di una attestazione ISEE-Universit\u00e0 valida, dovr\u00e0 presentarsi presso un CAF convenzionato con l\u2019Ateneo per la trasmissione della&hellip;\" \/>\n<meta property=\"og:url\" content=\"https:\/\/www-2023.studenti.uniroma2.it\/en\/determinazione-della-capacita-contributiva-del-nucleo-familiare-indicatore-iseeu\/\" \/>\n<meta property=\"og:site_name\" content=\"Universit\u00e0 degli Studi di Roma Tor Vergata\" \/>\n<meta property=\"article:publisher\" content=\"https:\/\/www.facebook.com\/torvergataorienta\/\" \/>\n<meta property=\"article:modified_time\" content=\"2016-09-01T14:23:54+00:00\" \/>\n<meta name=\"twitter:card\" content=\"summary_large_image\" \/>\n<meta name=\"twitter:site\" content=\"@unitorvergata\" \/>\n<meta name=\"twitter:label1\" content=\"Estimated reading time\" \/>\n\t<meta name=\"twitter:data1\" content=\"2 minutes\" \/>\n<script type=\"application\/ld+json\" class=\"yoast-schema-graph\">{\"@context\":\"https:\/\/schema.org\",\"@graph\":[{\"@type\":\"WebPage\",\"@id\":\"https:\/\/www-2023.studenti.uniroma2.it\/it_it\/determinazione-della-capacita-contributiva-del-nucleo-familiare-indicatore-iseeu\/\",\"url\":\"https:\/\/www-2023.studenti.uniroma2.it\/it_it\/determinazione-della-capacita-contributiva-del-nucleo-familiare-indicatore-iseeu\/\",\"name\":\"Determinazione capacit\u00e0 contributiva del nucleo familiare: indicatore ISEEU - Universit\u00e0 degli Studi di Roma Tor Vergata\",\"isPartOf\":{\"@id\":\"https:\/\/www-2023.studenti.uniroma2.it\/it_it\/#website\"},\"datePublished\":\"2012-07-02T12:10:10+00:00\",\"dateModified\":\"2016-09-01T14:23:54+00:00\",\"breadcrumb\":{\"@id\":\"https:\/\/www-2023.studenti.uniroma2.it\/it_it\/determinazione-della-capacita-contributiva-del-nucleo-familiare-indicatore-iseeu\/#breadcrumb\"},\"inLanguage\":\"en-GB\",\"potentialAction\":[{\"@type\":\"ReadAction\",\"target\":[\"https:\/\/www-2023.studenti.uniroma2.it\/it_it\/determinazione-della-capacita-contributiva-del-nucleo-familiare-indicatore-iseeu\/\"]}]},{\"@type\":\"BreadcrumbList\",\"@id\":\"https:\/\/www-2023.studenti.uniroma2.it\/it_it\/determinazione-della-capacita-contributiva-del-nucleo-familiare-indicatore-iseeu\/#breadcrumb\",\"itemListElement\":[{\"@type\":\"ListItem\",\"position\":1,\"name\":\"Home\",\"item\":\"https:\/\/www-2023.studenti.uniroma2.it\/it_it\/\"},{\"@type\":\"ListItem\",\"position\":2,\"name\":\"Determinazione capacit\u00e0 contributiva del nucleo familiare: indicatore ISEEU\"}]},{\"@type\":\"WebSite\",\"@id\":\"https:\/\/www-2023.studenti.uniroma2.it\/it_it\/#website\",\"url\":\"https:\/\/www-2023.studenti.uniroma2.it\/it_it\/\",\"name\":\"Universit\u00e0 degli Studi di Roma Tor Vergata\",\"description\":\"\",\"publisher\":{\"@id\":\"https:\/\/www-2023.studenti.uniroma2.it\/it_it\/#organization\"},\"potentialAction\":[{\"@type\":\"SearchAction\",\"target\":{\"@type\":\"EntryPoint\",\"urlTemplate\":\"https:\/\/www-2023.studenti.uniroma2.it\/it_it\/?s={search_term_string}\"},\"query-input\":{\"@type\":\"PropertyValueSpecification\",\"valueRequired\":true,\"valueName\":\"search_term_string\"}}],\"inLanguage\":\"en-GB\"},{\"@type\":\"Organization\",\"@id\":\"https:\/\/www-2023.studenti.uniroma2.it\/it_it\/#organization\",\"name\":\"Universit\u00e0 degli Studi di Roma Tor Vergata\",\"url\":\"https:\/\/www-2023.studenti.uniroma2.it\/it_it\/\",\"logo\":{\"@type\":\"ImageObject\",\"inLanguage\":\"en-GB\",\"@id\":\"https:\/\/www-2023.studenti.uniroma2.it\/it_it\/#\/schema\/logo\/image\/\",\"url\":\"https:\/\/www-2023.studenti.uniroma2.it\/wp-content\/uploads\/2024\/03\/cropped-cropped-cropped-logo-1-e1711183137281.png\",\"contentUrl\":\"https:\/\/www-2023.studenti.uniroma2.it\/wp-content\/uploads\/2024\/03\/cropped-cropped-cropped-logo-1-e1711183137281.png\",\"width\":500,\"height\":119,\"caption\":\"Universit\u00e0 degli Studi di Roma Tor Vergata\"},\"image\":{\"@id\":\"https:\/\/www-2023.studenti.uniroma2.it\/it_it\/#\/schema\/logo\/image\/\"},\"sameAs\":[\"https:\/\/www.facebook.com\/torvergataorienta\/\",\"https:\/\/x.com\/unitorvergata\",\"https:\/\/www.instagram.com\/torvergataorienta\/\",\"https:\/\/it.linkedin.com\/school\/university-of-rome-tor-vergata\/\",\"https:\/\/www.youtube.com\/channel\/UCC3NaJJw3rjKqqbV3-hmcgA\/\"]}]}<\/script>\n<!-- \/ Yoast SEO plugin. -->","yoast_head_json":{"title":"Determinazione capacit\u00e0 contributiva del nucleo familiare: indicatore ISEEU - Universit\u00e0 degli Studi di Roma Tor Vergata","robots":{"index":"index","follow":"follow","max-snippet":"max-snippet:-1","max-image-preview":"max-image-preview:large","max-video-preview":"max-video-preview:-1"},"canonical":"https:\/\/www-2023.studenti.uniroma2.it\/en\/determinazione-della-capacita-contributiva-del-nucleo-familiare-indicatore-iseeu\/","og_locale":"en_GB","og_type":"article","og_title":"Determinazione capacit\u00e0 contributiva del nucleo familiare: indicatore ISEEU - Universit\u00e0 degli Studi di Roma Tor Vergata","og_description":"Gli studenti che intendono usufruire della riduzione dei contributi universitari rispetto all\u2019importo massimo dovranno provvedere a far inviare al sistema informativo d\u2019ateneo l\u2019attestazione ISEE-Universit\u00e0 per le prestazioni agevolate per il diritto allo studio universitario. Lo studente, in possesso di una attestazione ISEE-Universit\u00e0 valida, dovr\u00e0 presentarsi presso un CAF convenzionato con l\u2019Ateneo per la trasmissione della&hellip;","og_url":"https:\/\/www-2023.studenti.uniroma2.it\/en\/determinazione-della-capacita-contributiva-del-nucleo-familiare-indicatore-iseeu\/","og_site_name":"Universit\u00e0 degli Studi di Roma Tor Vergata","article_publisher":"https:\/\/www.facebook.com\/torvergataorienta\/","article_modified_time":"2016-09-01T14:23:54+00:00","twitter_card":"summary_large_image","twitter_site":"@unitorvergata","twitter_misc":{"Estimated reading time":"2 minutes"},"schema":{"@context":"https:\/\/schema.org","@graph":[{"@type":"WebPage","@id":"https:\/\/www-2023.studenti.uniroma2.it\/it_it\/determinazione-della-capacita-contributiva-del-nucleo-familiare-indicatore-iseeu\/","url":"https:\/\/www-2023.studenti.uniroma2.it\/it_it\/determinazione-della-capacita-contributiva-del-nucleo-familiare-indicatore-iseeu\/","name":"Determinazione capacit\u00e0 contributiva del nucleo familiare: indicatore ISEEU - Universit\u00e0 degli Studi di Roma Tor Vergata","isPartOf":{"@id":"https:\/\/www-2023.studenti.uniroma2.it\/it_it\/#website"},"datePublished":"2012-07-02T12:10:10+00:00","dateModified":"2016-09-01T14:23:54+00:00","breadcrumb":{"@id":"https:\/\/www-2023.studenti.uniroma2.it\/it_it\/determinazione-della-capacita-contributiva-del-nucleo-familiare-indicatore-iseeu\/#breadcrumb"},"inLanguage":"en-GB","potentialAction":[{"@type":"ReadAction","target":["https:\/\/www-2023.studenti.uniroma2.it\/it_it\/determinazione-della-capacita-contributiva-del-nucleo-familiare-indicatore-iseeu\/"]}]},{"@type":"BreadcrumbList","@id":"https:\/\/www-2023.studenti.uniroma2.it\/it_it\/determinazione-della-capacita-contributiva-del-nucleo-familiare-indicatore-iseeu\/#breadcrumb","itemListElement":[{"@type":"ListItem","position":1,"name":"Home","item":"https:\/\/www-2023.studenti.uniroma2.it\/it_it\/"},{"@type":"ListItem","position":2,"name":"Determinazione capacit\u00e0 contributiva del nucleo familiare: indicatore ISEEU"}]},{"@type":"WebSite","@id":"https:\/\/www-2023.studenti.uniroma2.it\/it_it\/#website","url":"https:\/\/www-2023.studenti.uniroma2.it\/it_it\/","name":"Universit\u00e0 degli Studi di Roma Tor Vergata","description":"","publisher":{"@id":"https:\/\/www-2023.studenti.uniroma2.it\/it_it\/#organization"},"potentialAction":[{"@type":"SearchAction","target":{"@type":"EntryPoint","urlTemplate":"https:\/\/www-2023.studenti.uniroma2.it\/it_it\/?s={search_term_string}"},"query-input":{"@type":"PropertyValueSpecification","valueRequired":true,"valueName":"search_term_string"}}],"inLanguage":"en-GB"},{"@type":"Organization","@id":"https:\/\/www-2023.studenti.uniroma2.it\/it_it\/#organization","name":"Universit\u00e0 degli Studi di Roma Tor Vergata","url":"https:\/\/www-2023.studenti.uniroma2.it\/it_it\/","logo":{"@type":"ImageObject","inLanguage":"en-GB","@id":"https:\/\/www-2023.studenti.uniroma2.it\/it_it\/#\/schema\/logo\/image\/","url":"https:\/\/www-2023.studenti.uniroma2.it\/wp-content\/uploads\/2024\/03\/cropped-cropped-cropped-logo-1-e1711183137281.png","contentUrl":"https:\/\/www-2023.studenti.uniroma2.it\/wp-content\/uploads\/2024\/03\/cropped-cropped-cropped-logo-1-e1711183137281.png","width":500,"height":119,"caption":"Universit\u00e0 degli Studi di Roma Tor Vergata"},"image":{"@id":"https:\/\/www-2023.studenti.uniroma2.it\/it_it\/#\/schema\/logo\/image\/"},"sameAs":["https:\/\/www.facebook.com\/torvergataorienta\/","https:\/\/x.com\/unitorvergata","https:\/\/www.instagram.com\/torvergataorienta\/","https:\/\/it.linkedin.com\/school\/university-of-rome-tor-vergata\/","https:\/\/www.youtube.com\/channel\/UCC3NaJJw3rjKqqbV3-hmcgA\/"]}]}},"_links":{"self":[{"href":"https:\/\/www-2023.studenti.uniroma2.it\/en\/wp-json\/wp\/v2\/pages\/8","targetHints":{"allow":["GET"]}}],"collection":[{"href":"https:\/\/www-2023.studenti.uniroma2.it\/en\/wp-json\/wp\/v2\/pages"}],"about":[{"href":"https:\/\/www-2023.studenti.uniroma2.it\/en\/wp-json\/wp\/v2\/types\/page"}],"author":[{"embeddable":true,"href":"https:\/\/www-2023.studenti.uniroma2.it\/en\/wp-json\/wp\/v2\/users\/1"}],"replies":[{"embeddable":true,"href":"https:\/\/www-2023.studenti.uniroma2.it\/en\/wp-json\/wp\/v2\/comments?post=8"}],"version-history":[{"count":32,"href":"https:\/\/www-2023.studenti.uniroma2.it\/en\/wp-json\/wp\/v2\/pages\/8\/revisions"}],"predecessor-version":[{"id":610,"href":"https:\/\/www-2023.studenti.uniroma2.it\/en\/wp-json\/wp\/v2\/pages\/8\/revisions\/610"}],"wp:attachment":[{"href":"https:\/\/www-2023.studenti.uniroma2.it\/en\/wp-json\/wp\/v2\/media?parent=8"}],"curies":[{"name":"wp","href":"https:\/\/api.w.org\/{rel}","templated":true}]}}