{"id":2777,"date":"2021-06-03T08:01:48","date_gmt":"2021-06-03T08:01:48","guid":{"rendered":"https:\/\/studenti.uniroma2.it\/?page_id=2777"},"modified":"2023-08-24T09:31:04","modified_gmt":"2023-08-24T09:31:04","slug":"immatricolazione","status":"publish","type":"page","link":"https:\/\/www-2023.studenti.uniroma2.it\/it_it\/immatricolazione\/","title":{"rendered":"Immatricolazione(in aggiornamento)"},"content":{"rendered":"<p><span style=\"color: black; font-family: Verdana; font-size: large;\"><br \/>\nLa procedura di immatricolazione prevede l\u2019inserimento di tutte le informazioni necessarie per individuare, riconoscere, e comunicare con lo studente. Inoltre lo studente ha la possibilit\u00e0 di inserire i titoli che saranno poi oggetto di verifica attraverso le banche dati ministeriali.<br \/>\nAlla fine del processo di immatricolazione il sistema produce un pdf con la domanda di iscrizione ed il bollettino del pagamento della prima rata nel formato PagoPA con le relative istruzioni per il pagamento.<br \/>\nNOTA BENE:\u00a0Gli studenti in possesso del diploma di istruzione secondaria di secondo grado, che abbiano sostenuto il test di valutazione (salvo casi di esonero), potranno procedere direttamente con l\u2019immatricolazione nei periodi indicati nei rispettivi avvisi,\u00a0anche se non hanno effettuato la procedura di pre-immatricolazione.<br \/>\n<\/span><br \/>\n<span style=\"color: blue; font-family: Verdana; font-size: x-large;\"><br \/>\n&#8211; Studenti che hanno effettuato la Preimmatricolazione<br \/>\n<\/span><span style=\"color: black; font-family: Verdana; font-size: large;\"><br \/>\nSe lo studente si \u00e8 preimmatricolato prima del 15 luglio deve tornare nella pagina di preimmatricolazione\u00a0 e puo procedere con la conferma dell\u2019immatricolazione. Durante la conferma dell\u2019immatricolazione verr\u00e0 richiesto di inserire un codice CQ che si puo ottenere compilando il questionario di valutazione sul sito \u201cQuest Test\u201d: <a style=\"font-family: 'Minion Pro', sans-serif; font-size: 18px; font-weight: 300;\" href=\"http:\/\/www.quest.uniroma2.it\">http:\/\/www.quest.uniroma2.it<\/a> Alla fine della procedura il \u00a0sistema rilascer\u00e0 una matricola e la procedura per ottenere la password da conservare con attenzione in quanto sar\u00e0 indispensabile per accedere ai servizi informatici di Ateneo. E\u2019 comunque garantita la possibilit\u00e0 di accedere in mancanza di matricola e password attraverso le credenziali SPID.<\/span><\/p>\n<p><span style=\"color: black; font-family: Verdana; font-size: large;\"><br \/>\n<span style=\"color: #000000; font-size: large;\">Convalidato il pagamento, se non previsto diversamente dal bando, occorre effettuare l\u2019upload dei seguenti documenti nel portale Delphi:<\/span><br \/>\n<span style=\"color: #000000; font-size: large;\">\u2013 una foto formato tessera;<\/span><br \/>\n<span style=\"color: #000000; font-size: large;\">\u2013 copia di un valido documento di riconoscimento(fronte\/retro);<\/span><br \/>\n<span style=\"color: #000000; font-size: large;\">Successivamente lo studente deve prenotare un appuntamento allo sportello fisico o virtuale della segreteria di macroarea per il riconoscimento e la convalida della foto e del documento caricato. Dopo la convalida l\u2019immatricolazione \u00e8 conclusa. Se non viene completato il passaggio di riconoscimento le funzioni delphi verranno limitate<\/span><\/span><\/p>\n<h1><span style=\"color: red; font-family: Verdana; font-size: large;\"><br \/>\nPer tutti gli orari e i contatti con la segreteria studenti andare al seguente link:\u00a0 <a href=\"http:\/\/studenti.uniroma2.it\/segreterie-studenti-2\/\"><u>segreterie di macroarea<\/u><\/a><\/span><\/h1>\n<p><span style=\"color: blue; font-family: Verdana; font-size: x-large;\"><br \/>\n&#8211; Studenti che non hanno effettuato la Preimmatricolazione<br \/>\n<\/span><span style=\"color: black; font-family: Verdana; font-size: large;\"><br \/>\nSe invece lo studente deve effettuare l\u2019<b>immatricolazione<\/b>\u00a0deve procedere nel seguente modo:<br \/>\na) Compilare il questionario di valutazione sul sito \u201cQuest Test\u201d:\u00a0<a href=\"http:\/\/www.quest.uniroma2.it\/\">http:\/\/www.quest.uniroma2.it<\/a><br \/>\nb) Conservare il codice questionario (CQ) rilasciato dal sistema (Attenzione il CQ ha una validit\u00e0 di cinque giorni dalla data di compilazione del questionario, scaduti i quali dovr\u00e0 essere ricompilato).<br \/>\nc) Collegarsi al sito dei Servizi on-line Delphi:\u00a0<a href=\"http:\/\/delphi.uniroma2.it\/\">http:\/\/delphi.uniroma2.it<\/a>;<br \/>\nd) Selezionare Area Studenti, Tasto 2 \u2013 Immatricolazione;<br \/>\ne) Selezionare \u201cCompila la domanda\u201d<br \/>\nf) Durante la compilazione della domanda:\u00a0Se si desidera pagare la seconda rata delle tasse e contributi universitari in un\u2019unica soluzione anzich\u00e9 in due soluzioni selezionare la relativa opzione;Lo studente autocertifica il titolo di studio di ammissione di cui \u00e8 in possesso. L\u2019Universit\u00e0 verifica d\u2019ufficio le informazioni dell\u2019autocertificazione, secondo quanto stabilito delle normative vigenti.<br \/>\ng) Selezionare la voce stampa: il sistema rilascer\u00e0 la domanda e il bollettino per il pagamento della prima rata;<br \/>\nh) Pagare il contributo dovuto attraverso il sistema PagoPa che consente di effettuare il pagamento attraverso una pluralit\u00e0 di canali, fisici o online. I link e ulteriori informazioni sulle modalit\u00e0 di pagamento sono disponibili al seguente indirizzo web studenti.uniroma2.it\/pagamento\/<br \/>\ni) <\/span><span style=\"font-family: verdana, geneva, sans-serif; font-size: 14pt; color: #000000;\">Collegarsi nuovamente al sito Delphi, Area Studenti, Tasto 2 \u2013 Immatricolazione, &#8220;hai gi\u00e0 compilato la domanda&#8221; , inserire codice fiscale e CTRL e convalidare\u00a0 attraverso il pulsante \u201cConvalida PagoPA\u201d<\/span><\/p>\n<p><span style=\"color: black; font-family: Verdana; font-size: large;\">j) Il sistema rilascer\u00e0 una matricola e la procedura per ottenere la password da conservare con attenzione in quanto sar\u00e0 indispensabile per accedere ai servizi informatici di Ateneo. E\u2019 comunque garantita la possibilit\u00e0 di accedere in mancanza di matricola e password attraverso le credenziali SPID.<br \/>\n<span style=\"color: black; font-family: Verdana; font-size: large;\"><br \/>\n<span style=\"color: #000000; font-size: large;\">Convalidato il pagamento, se non previsto diversamente dal bando, occorre effettuare l\u2019upload dei seguenti documenti nel portale Delphi:<\/span><br \/>\n<span style=\"color: #000000; font-size: large;\">\u2013 una foto formato tessera;<\/span><br \/>\n<span style=\"color: #000000; font-size: large;\">\u2013 copia di un valido documento di riconoscimento(fronte\/retro);<\/span><br \/>\n<span style=\"color: #000000; font-size: large;\">Successivamente lo studente deve prenotare un appuntamento allo sportello fisico o virtuale della segreteria di macroarea per il riconoscimento e la convalida della foto e del documento caricato. Dopo la convalida l\u2019immatricolazione \u00e8 conclusa. Se non viene completato il passaggio di riconoscimento le funzioni delphi verranno limitate (non si potr\u00e0, ad esempio, prenotarsi per gli esami, e cos\u00ec via).<\/span><\/span><\/span><\/p>\n<p><span style=\"color: red; font-family: Verdana; font-size: large;\"><br \/>\nPer tutti gli orari e i contatti con la segreteria studenti andare al seguente link:\u00a0 <a href=\"http:\/\/studenti.uniroma2.it\/segreterie-studenti-2\/\"><u>segreterie di macroarea<\/u><\/a><\/span><br \/>\n<span style=\"color: black; font-family: Verdana; font-size: large;\"><br \/>\n<div class=\"su-button-center\"><a href=\"https:\/\/delphi.uniroma2.it\/totem\/jsp\/homeStudenti.jsp?language=IT\" class=\"su-button su-button-style-default su-button-wide\" style=\"color:#ffffff;background-color:#50922b;border-color:#407523;border-radius:0px\" target=\"_self\" title=\"Ricevimento\"><span style=\"color:#ffffff;padding:0px 40px;font-size:29px;line-height:58px;border-color:#85b36b;border-radius:0px;text-shadow:none\"> Per accedere all&#8217;IMMATRICOLAZIONE selezionare questo pulsante<\/span><\/a><\/div><\/span><\/p>\n<div class=\"pvc_clear\"><\/div>\n<p id=\"pvc_stats_2777\" class=\"pvc_stats all  \" data-element-id=\"2777\" style=\"\"><i class=\"pvc-stats-icon medium\" aria-hidden=\"true\"><svg xmlns=\"http:\/\/www.w3.org\/2000\/svg\" version=\"1.0\" viewBox=\"0 0 502 315\" preserveAspectRatio=\"xMidYMid meet\"><g transform=\"translate(0,332) scale(0.1,-0.1)\" fill=\"\" stroke=\"none\"><path d=\"M2394 3279 l-29 -30 -3 -207 c-2 -182 0 -211 15 -242 39 -76 157 -76 196 0 15 31 17 60 15 243 l-3 209 -33 29 c-26 23 -41 29 -80 29 -41 0 -53 -5 -78 -31z\"\/><path d=\"M3085 3251 c-45 -19 -58 -50 -96 -229 -47 -217 -49 -260 -13 -295 52 -53 146 -42 177 20 16 31 87 366 87 410 0 70 -86 122 -155 94z\"\/><path d=\"M1751 3234 c-13 -9 -29 -31 -37 -50 -12 -29 -10 -49 21 -204 19 -94 39 -189 45 -210 14 -50 54 -80 110 -80 34 0 48 6 76 34 21 21 34 44 34 59 0 14 -18 113 -40 219 -37 178 -43 195 -70 221 -36 32 -101 37 -139 11z\"\/><path d=\"M1163 3073 c-36 -7 -73 -59 -73 -102 0 -56 133 -378 171 -413 34 -32 83 -37 129 -13 70 36 67 87 -16 290 -86 209 -89 214 -129 231 -35 14 -42 15 -82 7z\"\/><path d=\"M3689 3066 c-15 -9 -33 -30 -42 -48 -48 -103 -147 -355 -147 -375 0 -98 131 -148 192 -74 13 15 57 108 97 206 80 196 84 226 37 273 -30 30 -99 39 -137 18z\"\/><path d=\"M583 2784 c-38 -19 -67 -74 -58 -113 9 -42 211 -354 242 -373 16 -10 45 -18 66 -18 51 0 107 52 107 100 0 39 -1 41 -124 234 -80 126 -108 162 -133 173 -41 17 -61 16 -100 -3z\"\/><path d=\"M4250 2784 c-14 -9 -74 -91 -133 -183 -95 -150 -107 -173 -107 -213 0 -55 33 -94 87 -104 67 -13 90 8 211 198 130 202 137 225 78 284 -27 27 -42 34 -72 34 -22 0 -50 -8 -64 -16z\"\/><path d=\"M2275 2693 c-553 -48 -1095 -270 -1585 -649 -135 -104 -459 -423 -483 -476 -23 -49 -22 -139 2 -186 73 -142 361 -457 571 -626 285 -228 642 -407 990 -497 242 -63 336 -73 660 -74 310 0 370 5 595 52 535 111 1045 392 1455 803 122 121 250 273 275 326 19 41 19 137 0 174 -41 79 -309 363 -465 492 -447 370 -946 591 -1479 653 -113 14 -422 18 -536 8z m395 -428 c171 -34 330 -124 456 -258 112 -119 167 -219 211 -378 27 -96 24 -300 -5 -401 -72 -255 -236 -447 -474 -557 -132 -62 -201 -76 -368 -76 -167 0 -236 14 -368 76 -213 98 -373 271 -451 485 -162 444 86 934 547 1084 153 49 292 57 452 25z m909 -232 c222 -123 408 -262 593 -441 76 -74 138 -139 138 -144 0 -16 -233 -242 -330 -319 -155 -123 -309 -223 -461 -299 l-81 -41 32 46 c18 26 49 83 70 128 143 306 141 649 -6 957 -25 52 -61 116 -79 142 l-34 47 45 -20 c26 -10 76 -36 113 -56z m-2057 25 c-40 -58 -105 -190 -130 -263 -110 -324 -59 -707 132 -981 25 -35 42 -64 37 -64 -19 0 -241 119 -326 174 -188 122 -406 314 -532 468 l-58 71 108 103 c185 178 428 349 672 473 66 33 121 60 123 61 2 0 -10 -19 -26 -42z\"\/><path d=\"M2375 1950 c-198 -44 -350 -190 -395 -379 -18 -76 -8 -221 19 -290 114 -284 457 -406 731 -260 98 52 188 154 231 260 27 69 37 214 19 290 -38 163 -166 304 -326 360 -67 23 -215 33 -279 19z\"\/><\/g><\/svg><\/i> <img loading=\"lazy\" decoding=\"async\" width=\"16\" height=\"16\" alt=\"Loading\" src=\"https:\/\/www-2023.studenti.uniroma2.it\/wp-content\/plugins\/page-views-count\/ajax-loader-2x.gif\" border=0 \/><\/p>\n<div class=\"pvc_clear\"><\/div>\n","protected":false},"excerpt":{"rendered":"<p>La procedura di immatricolazione prevede l\u2019inserimento di tutte le informazioni necessarie per individuare, riconoscere, e comunicare con lo studente. Inoltre lo studente ha la possibilit\u00e0 di inserire i titoli che saranno poi oggetto di verifica attraverso le banche dati ministeriali. Alla fine del processo di immatricolazione il sistema produce un pdf con la domanda di&hellip;<\/p>\n<div class=\"pvc_clear\"><\/div>\n<p id=\"pvc_stats_2777\" class=\"pvc_stats all  \" data-element-id=\"2777\" style=\"\"><i class=\"pvc-stats-icon medium\" aria-hidden=\"true\"><svg xmlns=\"http:\/\/www.w3.org\/2000\/svg\" version=\"1.0\" viewBox=\"0 0 502 315\" preserveAspectRatio=\"xMidYMid meet\"><g transform=\"translate(0,332) scale(0.1,-0.1)\" fill=\"\" stroke=\"none\"><path d=\"M2394 3279 l-29 -30 -3 -207 c-2 -182 0 -211 15 -242 39 -76 157 -76 196 0 15 31 17 60 15 243 l-3 209 -33 29 c-26 23 -41 29 -80 29 -41 0 -53 -5 -78 -31z\"\/><path d=\"M3085 3251 c-45 -19 -58 -50 -96 -229 -47 -217 -49 -260 -13 -295 52 -53 146 -42 177 20 16 31 87 366 87 410 0 70 -86 122 -155 94z\"\/><path d=\"M1751 3234 c-13 -9 -29 -31 -37 -50 -12 -29 -10 -49 21 -204 19 -94 39 -189 45 -210 14 -50 54 -80 110 -80 34 0 48 6 76 34 21 21 34 44 34 59 0 14 -18 113 -40 219 -37 178 -43 195 -70 221 -36 32 -101 37 -139 11z\"\/><path d=\"M1163 3073 c-36 -7 -73 -59 -73 -102 0 -56 133 -378 171 -413 34 -32 83 -37 129 -13 70 36 67 87 -16 290 -86 209 -89 214 -129 231 -35 14 -42 15 -82 7z\"\/><path d=\"M3689 3066 c-15 -9 -33 -30 -42 -48 -48 -103 -147 -355 -147 -375 0 -98 131 -148 192 -74 13 15 57 108 97 206 80 196 84 226 37 273 -30 30 -99 39 -137 18z\"\/><path d=\"M583 2784 c-38 -19 -67 -74 -58 -113 9 -42 211 -354 242 -373 16 -10 45 -18 66 -18 51 0 107 52 107 100 0 39 -1 41 -124 234 -80 126 -108 162 -133 173 -41 17 -61 16 -100 -3z\"\/><path d=\"M4250 2784 c-14 -9 -74 -91 -133 -183 -95 -150 -107 -173 -107 -213 0 -55 33 -94 87 -104 67 -13 90 8 211 198 130 202 137 225 78 284 -27 27 -42 34 -72 34 -22 0 -50 -8 -64 -16z\"\/><path d=\"M2275 2693 c-553 -48 -1095 -270 -1585 -649 -135 -104 -459 -423 -483 -476 -23 -49 -22 -139 2 -186 73 -142 361 -457 571 -626 285 -228 642 -407 990 -497 242 -63 336 -73 660 -74 310 0 370 5 595 52 535 111 1045 392 1455 803 122 121 250 273 275 326 19 41 19 137 0 174 -41 79 -309 363 -465 492 -447 370 -946 591 -1479 653 -113 14 -422 18 -536 8z m395 -428 c171 -34 330 -124 456 -258 112 -119 167 -219 211 -378 27 -96 24 -300 -5 -401 -72 -255 -236 -447 -474 -557 -132 -62 -201 -76 -368 -76 -167 0 -236 14 -368 76 -213 98 -373 271 -451 485 -162 444 86 934 547 1084 153 49 292 57 452 25z m909 -232 c222 -123 408 -262 593 -441 76 -74 138 -139 138 -144 0 -16 -233 -242 -330 -319 -155 -123 -309 -223 -461 -299 l-81 -41 32 46 c18 26 49 83 70 128 143 306 141 649 -6 957 -25 52 -61 116 -79 142 l-34 47 45 -20 c26 -10 76 -36 113 -56z m-2057 25 c-40 -58 -105 -190 -130 -263 -110 -324 -59 -707 132 -981 25 -35 42 -64 37 -64 -19 0 -241 119 -326 174 -188 122 -406 314 -532 468 l-58 71 108 103 c185 178 428 349 672 473 66 33 121 60 123 61 2 0 -10 -19 -26 -42z\"\/><path d=\"M2375 1950 c-198 -44 -350 -190 -395 -379 -18 -76 -8 -221 19 -290 114 -284 457 -406 731 -260 98 52 188 154 231 260 27 69 37 214 19 290 -38 163 -166 304 -326 360 -67 23 -215 33 -279 19z\"\/><\/g><\/svg><\/i> <img loading=\"lazy\" decoding=\"async\" width=\"16\" height=\"16\" alt=\"Loading\" src=\"https:\/\/www-2023.studenti.uniroma2.it\/wp-content\/plugins\/page-views-count\/ajax-loader-2x.gif\" border=0 \/><\/p>\n<div class=\"pvc_clear\"><\/div>\n","protected":false},"author":1001100,"featured_media":3703,"parent":0,"menu_order":0,"comment_status":"closed","ping_status":"closed","template":"","meta":{"_exactmetrics_skip_tracking":false,"_exactmetrics_sitenote_active":false,"_exactmetrics_sitenote_note":"","_exactmetrics_sitenote_category":0,"footnotes":""},"class_list":["post-2777","page","type-page","status-publish","has-post-thumbnail","hentry"],"yoast_head":"<!-- This site is optimized with the Yoast SEO plugin v26.6 - https:\/\/yoast.com\/wordpress\/plugins\/seo\/ -->\n<title>Immatricolazione(in aggiornamento) - Universit\u00e0 degli Studi di Roma Tor Vergata<\/title>\n<meta name=\"robots\" content=\"index, follow, max-snippet:-1, max-image-preview:large, max-video-preview:-1\" \/>\n<link rel=\"canonical\" href=\"https:\/\/www-2023.studenti.uniroma2.it\/it_it\/immatricolazione\/\" \/>\n<meta property=\"og:locale\" content=\"it_IT\" \/>\n<meta property=\"og:type\" content=\"article\" \/>\n<meta property=\"og:title\" content=\"Immatricolazione(in aggiornamento) - Universit\u00e0 degli Studi di Roma Tor Vergata\" \/>\n<meta property=\"og:description\" content=\"La procedura di immatricolazione prevede l\u2019inserimento di tutte le informazioni necessarie per individuare, riconoscere, e comunicare con lo studente. Inoltre lo studente ha la possibilit\u00e0 di inserire i titoli che saranno poi oggetto di verifica attraverso le banche dati ministeriali. Alla fine del processo di immatricolazione il sistema produce un pdf con la domanda di&hellip;\" \/>\n<meta property=\"og:url\" content=\"https:\/\/www-2023.studenti.uniroma2.it\/it_it\/immatricolazione\/\" \/>\n<meta property=\"og:site_name\" content=\"Universit\u00e0 degli Studi di Roma Tor Vergata\" \/>\n<meta property=\"article:publisher\" content=\"https:\/\/www.facebook.com\/torvergataorienta\/\" \/>\n<meta property=\"article:modified_time\" content=\"2023-08-24T09:31:04+00:00\" \/>\n<meta property=\"og:image\" content=\"https:\/\/www-2023.studenti.uniroma2.it\/wp-content\/uploads\/2022\/07\/cropped-202207051308-e1657960931735.jpeg\" \/>\n\t<meta property=\"og:image:width\" content=\"720\" \/>\n\t<meta property=\"og:image:height\" content=\"480\" \/>\n\t<meta property=\"og:image:type\" content=\"image\/jpeg\" \/>\n<meta name=\"twitter:card\" content=\"summary_large_image\" \/>\n<meta name=\"twitter:site\" content=\"@unitorvergata\" \/>\n<meta name=\"twitter:label1\" content=\"Tempo di lettura stimato\" \/>\n\t<meta name=\"twitter:data1\" content=\"4 minuti\" \/>\n<script type=\"application\/ld+json\" class=\"yoast-schema-graph\">{\"@context\":\"https:\/\/schema.org\",\"@graph\":[{\"@type\":\"WebPage\",\"@id\":\"https:\/\/www-2023.studenti.uniroma2.it\/it_it\/immatricolazione\/\",\"url\":\"https:\/\/www-2023.studenti.uniroma2.it\/it_it\/immatricolazione\/\",\"name\":\"Immatricolazione(in aggiornamento) - Universit\u00e0 degli Studi di Roma Tor Vergata\",\"isPartOf\":{\"@id\":\"https:\/\/www-2023.studenti.uniroma2.it\/it_it\/#website\"},\"primaryImageOfPage\":{\"@id\":\"https:\/\/www-2023.studenti.uniroma2.it\/it_it\/immatricolazione\/#primaryimage\"},\"image\":{\"@id\":\"https:\/\/www-2023.studenti.uniroma2.it\/it_it\/immatricolazione\/#primaryimage\"},\"thumbnailUrl\":\"https:\/\/www-2023.studenti.uniroma2.it\/wp-content\/uploads\/2022\/07\/cropped-202207051308-e1657960931735.jpeg\",\"datePublished\":\"2021-06-03T08:01:48+00:00\",\"dateModified\":\"2023-08-24T09:31:04+00:00\",\"breadcrumb\":{\"@id\":\"https:\/\/www-2023.studenti.uniroma2.it\/it_it\/immatricolazione\/#breadcrumb\"},\"inLanguage\":\"it-IT\",\"potentialAction\":[{\"@type\":\"ReadAction\",\"target\":[\"https:\/\/www-2023.studenti.uniroma2.it\/it_it\/immatricolazione\/\"]}]},{\"@type\":\"ImageObject\",\"inLanguage\":\"it-IT\",\"@id\":\"https:\/\/www-2023.studenti.uniroma2.it\/it_it\/immatricolazione\/#primaryimage\",\"url\":\"https:\/\/www-2023.studenti.uniroma2.it\/wp-content\/uploads\/2022\/07\/cropped-202207051308-e1657960931735.jpeg\",\"contentUrl\":\"https:\/\/www-2023.studenti.uniroma2.it\/wp-content\/uploads\/2022\/07\/cropped-202207051308-e1657960931735.jpeg\",\"width\":720,\"height\":480},{\"@type\":\"BreadcrumbList\",\"@id\":\"https:\/\/www-2023.studenti.uniroma2.it\/it_it\/immatricolazione\/#breadcrumb\",\"itemListElement\":[{\"@type\":\"ListItem\",\"position\":1,\"name\":\"Home\",\"item\":\"https:\/\/www-2023.studenti.uniroma2.it\/it_it\/\"},{\"@type\":\"ListItem\",\"position\":2,\"name\":\"Immatricolazione(in aggiornamento)\"}]},{\"@type\":\"WebSite\",\"@id\":\"https:\/\/www-2023.studenti.uniroma2.it\/it_it\/#website\",\"url\":\"https:\/\/www-2023.studenti.uniroma2.it\/it_it\/\",\"name\":\"Universit\u00e0 degli Studi di Roma Tor Vergata\",\"description\":\"\",\"publisher\":{\"@id\":\"https:\/\/www-2023.studenti.uniroma2.it\/it_it\/#organization\"},\"potentialAction\":[{\"@type\":\"SearchAction\",\"target\":{\"@type\":\"EntryPoint\",\"urlTemplate\":\"https:\/\/www-2023.studenti.uniroma2.it\/it_it\/?s={search_term_string}\"},\"query-input\":{\"@type\":\"PropertyValueSpecification\",\"valueRequired\":true,\"valueName\":\"search_term_string\"}}],\"inLanguage\":\"it-IT\"},{\"@type\":\"Organization\",\"@id\":\"https:\/\/www-2023.studenti.uniroma2.it\/it_it\/#organization\",\"name\":\"Universit\u00e0 degli Studi di Roma Tor Vergata\",\"url\":\"https:\/\/www-2023.studenti.uniroma2.it\/it_it\/\",\"logo\":{\"@type\":\"ImageObject\",\"inLanguage\":\"it-IT\",\"@id\":\"https:\/\/www-2023.studenti.uniroma2.it\/it_it\/#\/schema\/logo\/image\/\",\"url\":\"https:\/\/www-2023.studenti.uniroma2.it\/wp-content\/uploads\/2024\/03\/cropped-cropped-cropped-logo-1-e1711183137281.png\",\"contentUrl\":\"https:\/\/www-2023.studenti.uniroma2.it\/wp-content\/uploads\/2024\/03\/cropped-cropped-cropped-logo-1-e1711183137281.png\",\"width\":500,\"height\":119,\"caption\":\"Universit\u00e0 degli Studi di Roma Tor Vergata\"},\"image\":{\"@id\":\"https:\/\/www-2023.studenti.uniroma2.it\/it_it\/#\/schema\/logo\/image\/\"},\"sameAs\":[\"https:\/\/www.facebook.com\/torvergataorienta\/\",\"https:\/\/x.com\/unitorvergata\",\"https:\/\/www.instagram.com\/torvergataorienta\/\",\"https:\/\/it.linkedin.com\/school\/university-of-rome-tor-vergata\/\",\"https:\/\/www.youtube.com\/channel\/UCC3NaJJw3rjKqqbV3-hmcgA\/\"]}]}<\/script>\n<!-- \/ Yoast SEO plugin. -->","yoast_head_json":{"title":"Immatricolazione(in aggiornamento) - Universit\u00e0 degli Studi di Roma Tor Vergata","robots":{"index":"index","follow":"follow","max-snippet":"max-snippet:-1","max-image-preview":"max-image-preview:large","max-video-preview":"max-video-preview:-1"},"canonical":"https:\/\/www-2023.studenti.uniroma2.it\/it_it\/immatricolazione\/","og_locale":"it_IT","og_type":"article","og_title":"Immatricolazione(in aggiornamento) - Universit\u00e0 degli Studi di Roma Tor Vergata","og_description":"La procedura di immatricolazione prevede l\u2019inserimento di tutte le informazioni necessarie per individuare, riconoscere, e comunicare con lo studente. Inoltre lo studente ha la possibilit\u00e0 di inserire i titoli che saranno poi oggetto di verifica attraverso le banche dati ministeriali. Alla fine del processo di immatricolazione il sistema produce un pdf con la domanda di&hellip;","og_url":"https:\/\/www-2023.studenti.uniroma2.it\/it_it\/immatricolazione\/","og_site_name":"Universit\u00e0 degli Studi di Roma Tor Vergata","article_publisher":"https:\/\/www.facebook.com\/torvergataorienta\/","article_modified_time":"2023-08-24T09:31:04+00:00","og_image":[{"width":720,"height":480,"url":"https:\/\/www-2023.studenti.uniroma2.it\/wp-content\/uploads\/2022\/07\/cropped-202207051308-e1657960931735.jpeg","type":"image\/jpeg"}],"twitter_card":"summary_large_image","twitter_site":"@unitorvergata","twitter_misc":{"Tempo di lettura stimato":"4 minuti"},"schema":{"@context":"https:\/\/schema.org","@graph":[{"@type":"WebPage","@id":"https:\/\/www-2023.studenti.uniroma2.it\/it_it\/immatricolazione\/","url":"https:\/\/www-2023.studenti.uniroma2.it\/it_it\/immatricolazione\/","name":"Immatricolazione(in aggiornamento) - Universit\u00e0 degli Studi di Roma Tor Vergata","isPartOf":{"@id":"https:\/\/www-2023.studenti.uniroma2.it\/it_it\/#website"},"primaryImageOfPage":{"@id":"https:\/\/www-2023.studenti.uniroma2.it\/it_it\/immatricolazione\/#primaryimage"},"image":{"@id":"https:\/\/www-2023.studenti.uniroma2.it\/it_it\/immatricolazione\/#primaryimage"},"thumbnailUrl":"https:\/\/www-2023.studenti.uniroma2.it\/wp-content\/uploads\/2022\/07\/cropped-202207051308-e1657960931735.jpeg","datePublished":"2021-06-03T08:01:48+00:00","dateModified":"2023-08-24T09:31:04+00:00","breadcrumb":{"@id":"https:\/\/www-2023.studenti.uniroma2.it\/it_it\/immatricolazione\/#breadcrumb"},"inLanguage":"it-IT","potentialAction":[{"@type":"ReadAction","target":["https:\/\/www-2023.studenti.uniroma2.it\/it_it\/immatricolazione\/"]}]},{"@type":"ImageObject","inLanguage":"it-IT","@id":"https:\/\/www-2023.studenti.uniroma2.it\/it_it\/immatricolazione\/#primaryimage","url":"https:\/\/www-2023.studenti.uniroma2.it\/wp-content\/uploads\/2022\/07\/cropped-202207051308-e1657960931735.jpeg","contentUrl":"https:\/\/www-2023.studenti.uniroma2.it\/wp-content\/uploads\/2022\/07\/cropped-202207051308-e1657960931735.jpeg","width":720,"height":480},{"@type":"BreadcrumbList","@id":"https:\/\/www-2023.studenti.uniroma2.it\/it_it\/immatricolazione\/#breadcrumb","itemListElement":[{"@type":"ListItem","position":1,"name":"Home","item":"https:\/\/www-2023.studenti.uniroma2.it\/it_it\/"},{"@type":"ListItem","position":2,"name":"Immatricolazione(in aggiornamento)"}]},{"@type":"WebSite","@id":"https:\/\/www-2023.studenti.uniroma2.it\/it_it\/#website","url":"https:\/\/www-2023.studenti.uniroma2.it\/it_it\/","name":"Universit\u00e0 degli Studi di Roma Tor Vergata","description":"","publisher":{"@id":"https:\/\/www-2023.studenti.uniroma2.it\/it_it\/#organization"},"potentialAction":[{"@type":"SearchAction","target":{"@type":"EntryPoint","urlTemplate":"https:\/\/www-2023.studenti.uniroma2.it\/it_it\/?s={search_term_string}"},"query-input":{"@type":"PropertyValueSpecification","valueRequired":true,"valueName":"search_term_string"}}],"inLanguage":"it-IT"},{"@type":"Organization","@id":"https:\/\/www-2023.studenti.uniroma2.it\/it_it\/#organization","name":"Universit\u00e0 degli Studi di Roma Tor Vergata","url":"https:\/\/www-2023.studenti.uniroma2.it\/it_it\/","logo":{"@type":"ImageObject","inLanguage":"it-IT","@id":"https:\/\/www-2023.studenti.uniroma2.it\/it_it\/#\/schema\/logo\/image\/","url":"https:\/\/www-2023.studenti.uniroma2.it\/wp-content\/uploads\/2024\/03\/cropped-cropped-cropped-logo-1-e1711183137281.png","contentUrl":"https:\/\/www-2023.studenti.uniroma2.it\/wp-content\/uploads\/2024\/03\/cropped-cropped-cropped-logo-1-e1711183137281.png","width":500,"height":119,"caption":"Universit\u00e0 degli Studi di Roma Tor Vergata"},"image":{"@id":"https:\/\/www-2023.studenti.uniroma2.it\/it_it\/#\/schema\/logo\/image\/"},"sameAs":["https:\/\/www.facebook.com\/torvergataorienta\/","https:\/\/x.com\/unitorvergata","https:\/\/www.instagram.com\/torvergataorienta\/","https:\/\/it.linkedin.com\/school\/university-of-rome-tor-vergata\/","https:\/\/www.youtube.com\/channel\/UCC3NaJJw3rjKqqbV3-hmcgA\/"]}]}},"_links":{"self":[{"href":"https:\/\/www-2023.studenti.uniroma2.it\/it_it\/wp-json\/wp\/v2\/pages\/2777","targetHints":{"allow":["GET"]}}],"collection":[{"href":"https:\/\/www-2023.studenti.uniroma2.it\/it_it\/wp-json\/wp\/v2\/pages"}],"about":[{"href":"https:\/\/www-2023.studenti.uniroma2.it\/it_it\/wp-json\/wp\/v2\/types\/page"}],"author":[{"embeddable":true,"href":"https:\/\/www-2023.studenti.uniroma2.it\/it_it\/wp-json\/wp\/v2\/users\/1001100"}],"replies":[{"embeddable":true,"href":"https:\/\/www-2023.studenti.uniroma2.it\/it_it\/wp-json\/wp\/v2\/comments?post=2777"}],"version-history":[{"count":70,"href":"https:\/\/www-2023.studenti.uniroma2.it\/it_it\/wp-json\/wp\/v2\/pages\/2777\/revisions"}],"predecessor-version":[{"id":4210,"href":"https:\/\/www-2023.studenti.uniroma2.it\/it_it\/wp-json\/wp\/v2\/pages\/2777\/revisions\/4210"}],"wp:featuredmedia":[{"embeddable":true,"href":"https:\/\/www-2023.studenti.uniroma2.it\/it_it\/wp-json\/wp\/v2\/media\/3703"}],"wp:attachment":[{"href":"https:\/\/www-2023.studenti.uniroma2.it\/it_it\/wp-json\/wp\/v2\/media?parent=2777"}],"curies":[{"name":"wp","href":"https:\/\/api.w.org\/{rel}","templated":true}]}}