{"id":4037,"date":"2023-02-17T11:18:49","date_gmt":"2023-02-17T11:18:49","guid":{"rendered":"https:\/\/studenti.uniroma2.it\/?page_id=4037"},"modified":"2025-10-10T08:15:57","modified_gmt":"2025-10-10T08:15:57","slug":"carriera-studente-atleta","status":"publish","type":"page","link":"https:\/\/www-2023.studenti.uniroma2.it\/it_it\/carriera-studente-atleta\/","title":{"rendered":"CARRIERA STUDENTE-ATLETA"},"content":{"rendered":"<p>&nbsp;<\/p>\n<p><span style=\"font-size: 14pt; color: #000000;\"><strong><u>Introduzione<\/u><\/strong><\/span><\/p>\n<p style=\"text-align: justify;\"><span style=\"font-size: 14pt; color: #000000;\">L\u2019Universit\u00e0 degli Studi di Roma \u201cTor Vergata\u201d, di concerto con il Centro Universitario Sportivo \u2013 Roma Tor Vergata A.S.D., in conformit\u00e0 a quanto disposto dalla Carta Europea dello Sport e dalle Linee guida europee sulla doppia carriera, prevede per ciascun anno accademico che atleti, allenatori e arbitri d\u2019interesse nazionale ed internazionale vengano ammessi al Programma \u201cDoppia Carriera\u201d.<\/span><\/p>\n<p style=\"text-align: justify;\"><span style=\"font-size: 14pt; color: #000000;\">Con D.R. n. 805 del 27\/02\/2025 \u00e8 stato emanato il nuovo <a href=\"http:\/\/www-2023.studenti.uniroma2.it\/wp-content\/uploads\/2025\/07\/prot_DR_emanazione_Regolamento_Doppia_carriera_studente_atleta.pdf\" target=\"_blank\" rel=\"noopener\">\u201cREGOLAMENTO SULLA DOPPIA CARRIERA DI ATLETI E STUDENTI DELL\u2019UNIVERSIT\u00c0 DEGLI STUDI DI ROMA \u201cTOR VERGATA\u201d<\/a><\/span><\/p>\n<p>&nbsp;<\/p>\n<p><span style=\"font-size: 14pt; color: #000000;\"><strong><u>Agevolazioni<\/u><\/strong><\/span><\/p>\n<p style=\"text-align: justify;\"><span style=\"font-size: 14pt; color: #000000;\">\u00a0L\u2019Ateneo riconosce, agli studenti-atleti, agevolazioni di carattere economico e didattico, dettagliatamente specificate nell\u2019art. 3 del sopracitato Regolamento e di seguito indicate:<\/span><\/p>\n<ol>\n<li style=\"text-align: justify;\"><span style=\"font-size: 14pt; color: #000000;\">a) esonero parziale del 30% sulle tasse universitarie, non cumulabile con altre tipologie di esoneri parziali;<\/span><\/li>\n<li style=\"text-align: justify;\"><span style=\"font-size: 14pt; color: #000000;\">b) possibilit\u00e0 di riduzione della frequenza obbligatoria per manifestazioni riconosciute di preminente interesse nazionale e\/o internazionale, certificati dalla federazione di competenza, sentito il Centro Universitario Sportivo Roma Tor Vergata e previa autorizzazione del CdS di riferimento, compatibilmente con gli obblighi di legge.<\/span><\/li>\n<li style=\"text-align: justify;\"><span style=\"font-size: 14pt; color: #000000;\">c) autorizzazione a non conteggiare l\u2019assenza nei casi di corsi e insegnamenti in cui sia previsto l\u2019obbligo di frequenza per manifestazioni riconosciute di preminente interesse nazionale e\/o internazionale, certificati dalla federazione di competenza, sentito il Centro Universitario Sportivo Roma Tor Vergata e previa autorizzazione del CdS di riferimento, compatibilmente con gli obblighi di legge.<\/span><\/li>\n<li style=\"text-align: justify;\"><span style=\"font-size: 14pt; color: #000000;\">d) possibilit\u00e0 di sospensione temporanea degli studi per un anno per importanti impegni sportivi;<\/span><\/li>\n<li style=\"text-align: justify;\"><span style=\"color: #000000;\"><span style=\"font-size: 14pt;\">e) riconoscimento dei crediti formativi universitari, <em>una tantum, <\/em>per un numero non superiore a 6<span style=\"font-family: tahoma, arial, helvetica, sans-serif;\">, <\/span><\/span><span style=\"font-family: tahoma, arial, helvetica, sans-serif; font-size: 14pt;\">per le attivit\u00e0 riconosciute di preminente interesse nazionale e\/o internazionale, certificati dalla federazione di competenza, sentito il Centro Universitario Sportivo Roma Tor Vergata e stabiliti in numero dal CdS di riferimento, compatibilmente con gli obblighi di legge<span style=\"color: #3366ff;\"><strong>*<\/strong><\/span>.<\/span><\/span><\/li>\n<\/ol>\n<p><span style=\"font-size: 14pt; color: #000000;\"><strong><u>Procedura per l\u2019attivazione della doppia carriera<\/u><\/strong><\/span><\/p>\n<p><span style=\"font-size: 14pt; color: #000000;\">Gli studenti che intendono richiedere il riconoscimento dello status di studente-atleta ed ottenere le agevolazioni per meriti sportivi, dovranno:<\/span><\/p>\n<ul>\n<li><span style=\"color: #000000;\"><span style=\"font-size: 14pt;\"><span style=\"font-size: 14pt;\">compilare il modulo <div class=\"su-button-center\"><a href=\"http:\/\/studenti.uniroma2.it\/wp-content\/uploads\/2023\/02\/Modello_Domanda_Doppia-carriera.docx\" class=\"su-button su-button-style-default su-button-wide\" style=\"color:#ffffff;background-color:#50922b;border-color:#407523;border-radius:0px\" target=\"_self\" title=\"Modulo\"><span style=\"color:#ffffff;padding:0px 40px;font-size:29px;line-height:58px;border-color:#85b36b;border-radius:0px;text-shadow:none\"> Modulo formato.doc<\/span><\/a><\/div><\/span><\/span><span style=\"font-size: 14pt;\"><span style=\"font-size: 14pt;\"><div class=\"su-button-center\"><a href=\"http:\/\/studenti.uniroma2.it\/wp-content\/uploads\/2023\/02\/Modello_Domanda_Doppia-carriera.pdf\" class=\"su-button su-button-style-default su-button-wide\" style=\"color:#ffffff;background-color:#50922b;border-color:#407523;border-radius:0px\" target=\"_self\" title=\"Modulo\"><span style=\"color:#ffffff;padding:0px 40px;font-size:29px;line-height:58px;border-color:#85b36b;border-radius:0px;text-shadow:none\"> Modulo formato .pdf<\/span><\/a><\/div><\/span><\/span><\/span><\/li>\n<li style=\"text-align: center;\"><span style=\"font-size: 14pt; color: #000000;\">inviare, <strong>dal 1 settembre al 31 dicembre di ogni anno<\/strong>, il modulo compilato e firmato, unitamente alla copia di un documento di riconoscimento e alla documentazione attestante i meriti sportivi, attraverso il<br \/>\n<\/span><span style=\"font-size: 14pt; color: #000000;\"><\/p>\n<div style=\"display: flex; justify-content: center; align-items: center; text-align: center;\">\n<div style=\"display: flex; justify-content: center; align-items: center; text-align: center;\">\n<a class=\"maxbutton-1 maxbutton maxbutton-immatricolazione\" target=\"_blank\" rel=\"noopener\" href=\"https:\/\/forms.office.com\/pages\/responsepage.aspx?id=Kr7FJGTXxUCZdYLQiuR9DhU_9jHxLGxOt4B5qpvTo05UNFRKMFFGN1VQWTVVOVJZMjJEMTdHRTQxOC4u&#038;route=shorturl\"><span class='mb-text'>FORM<\/span><\/a>\n<\/div>\n<\/div>\n<p>per la valutazione da parte della Commissione appositamente nominata.<\/span><\/li>\n<\/ul>\n<p style=\"text-align: justify;\"><span style=\"font-size: 14pt; color: #000000;\">Successivamente la Commissione valuter\u00e0 l\u2019istanza dello studente e l\u2019esito della valutazione sar\u00e0 comunicata allo studente dagli uffici amministrativi; in caso di valutazione positiva, sar\u00e0 attivata la doppia carriera di studente-atleta con la conseguente fruibilit\u00e0 delle agevolazioni previste. <\/span><\/p>\n<p>&nbsp;<\/p>\n<p style=\"text-align: justify;\"><span style=\"font-size: 14pt; color: #000000;\">Per informazioni: studenteatleta@uniroma2.it\u00a0<\/span><\/p>\n<p>&nbsp;<\/p>\n<p style=\"text-align: justify;\"><span style=\"color: #000000;\"><strong><span style=\"font-size: 12pt;\"><span style=\"color: #3366ff;\">*<\/span> Allo studente viene rilasciato, dall&#8217;Amministrazione, un certificato che attesta l&#8217;attivazione della doppia carriera di studente-atleta, da esibire ai Docenti del proprio Corso di Studio. Su apposita istanza dello studente medesimo, il Consiglio del Corso di Studio pu\u00f2, discrezionalmente, attribuire alle attivit\u00e0 sportive svolte dallo stesso (ed adeguatamente certificate dalla Federazione di appartenenza) fino ad un massimo di 6 CFU. I crediti che il Consiglio riterr\u00e0 di attribuire saranno considerati in luogo di specifiche attivit\u00e0\/esami previsti nel piano di studi dello studente richiedente.<\/span><\/strong><\/span><\/p>\n<div class=\"pvc_clear\"><\/div>\n<p id=\"pvc_stats_4037\" class=\"pvc_stats all  \" data-element-id=\"4037\" style=\"\"><i class=\"pvc-stats-icon medium\" aria-hidden=\"true\"><svg xmlns=\"http:\/\/www.w3.org\/2000\/svg\" version=\"1.0\" viewBox=\"0 0 502 315\" preserveAspectRatio=\"xMidYMid meet\"><g transform=\"translate(0,332) scale(0.1,-0.1)\" fill=\"\" stroke=\"none\"><path d=\"M2394 3279 l-29 -30 -3 -207 c-2 -182 0 -211 15 -242 39 -76 157 -76 196 0 15 31 17 60 15 243 l-3 209 -33 29 c-26 23 -41 29 -80 29 -41 0 -53 -5 -78 -31z\"\/><path d=\"M3085 3251 c-45 -19 -58 -50 -96 -229 -47 -217 -49 -260 -13 -295 52 -53 146 -42 177 20 16 31 87 366 87 410 0 70 -86 122 -155 94z\"\/><path d=\"M1751 3234 c-13 -9 -29 -31 -37 -50 -12 -29 -10 -49 21 -204 19 -94 39 -189 45 -210 14 -50 54 -80 110 -80 34 0 48 6 76 34 21 21 34 44 34 59 0 14 -18 113 -40 219 -37 178 -43 195 -70 221 -36 32 -101 37 -139 11z\"\/><path d=\"M1163 3073 c-36 -7 -73 -59 -73 -102 0 -56 133 -378 171 -413 34 -32 83 -37 129 -13 70 36 67 87 -16 290 -86 209 -89 214 -129 231 -35 14 -42 15 -82 7z\"\/><path d=\"M3689 3066 c-15 -9 -33 -30 -42 -48 -48 -103 -147 -355 -147 -375 0 -98 131 -148 192 -74 13 15 57 108 97 206 80 196 84 226 37 273 -30 30 -99 39 -137 18z\"\/><path d=\"M583 2784 c-38 -19 -67 -74 -58 -113 9 -42 211 -354 242 -373 16 -10 45 -18 66 -18 51 0 107 52 107 100 0 39 -1 41 -124 234 -80 126 -108 162 -133 173 -41 17 -61 16 -100 -3z\"\/><path d=\"M4250 2784 c-14 -9 -74 -91 -133 -183 -95 -150 -107 -173 -107 -213 0 -55 33 -94 87 -104 67 -13 90 8 211 198 130 202 137 225 78 284 -27 27 -42 34 -72 34 -22 0 -50 -8 -64 -16z\"\/><path d=\"M2275 2693 c-553 -48 -1095 -270 -1585 -649 -135 -104 -459 -423 -483 -476 -23 -49 -22 -139 2 -186 73 -142 361 -457 571 -626 285 -228 642 -407 990 -497 242 -63 336 -73 660 -74 310 0 370 5 595 52 535 111 1045 392 1455 803 122 121 250 273 275 326 19 41 19 137 0 174 -41 79 -309 363 -465 492 -447 370 -946 591 -1479 653 -113 14 -422 18 -536 8z m395 -428 c171 -34 330 -124 456 -258 112 -119 167 -219 211 -378 27 -96 24 -300 -5 -401 -72 -255 -236 -447 -474 -557 -132 -62 -201 -76 -368 -76 -167 0 -236 14 -368 76 -213 98 -373 271 -451 485 -162 444 86 934 547 1084 153 49 292 57 452 25z m909 -232 c222 -123 408 -262 593 -441 76 -74 138 -139 138 -144 0 -16 -233 -242 -330 -319 -155 -123 -309 -223 -461 -299 l-81 -41 32 46 c18 26 49 83 70 128 143 306 141 649 -6 957 -25 52 -61 116 -79 142 l-34 47 45 -20 c26 -10 76 -36 113 -56z m-2057 25 c-40 -58 -105 -190 -130 -263 -110 -324 -59 -707 132 -981 25 -35 42 -64 37 -64 -19 0 -241 119 -326 174 -188 122 -406 314 -532 468 l-58 71 108 103 c185 178 428 349 672 473 66 33 121 60 123 61 2 0 -10 -19 -26 -42z\"\/><path d=\"M2375 1950 c-198 -44 -350 -190 -395 -379 -18 -76 -8 -221 19 -290 114 -284 457 -406 731 -260 98 52 188 154 231 260 27 69 37 214 19 290 -38 163 -166 304 -326 360 -67 23 -215 33 -279 19z\"\/><\/g><\/svg><\/i> <img loading=\"lazy\" decoding=\"async\" width=\"16\" height=\"16\" alt=\"Loading\" src=\"https:\/\/www-2023.studenti.uniroma2.it\/wp-content\/plugins\/page-views-count\/ajax-loader-2x.gif\" border=0 \/><\/p>\n<div class=\"pvc_clear\"><\/div>\n","protected":false},"excerpt":{"rendered":"<p>&nbsp; Introduzione L\u2019Universit\u00e0 degli Studi di Roma \u201cTor Vergata\u201d, di concerto con il Centro Universitario Sportivo \u2013 Roma Tor Vergata A.S.D., in conformit\u00e0 a quanto disposto dalla Carta Europea dello Sport e dalle Linee guida europee sulla doppia carriera, prevede per ciascun anno accademico che atleti, allenatori e arbitri d\u2019interesse nazionale ed internazionale vengano ammessi&hellip;<\/p>\n<div class=\"pvc_clear\"><\/div>\n<p id=\"pvc_stats_4037\" class=\"pvc_stats all  \" data-element-id=\"4037\" style=\"\"><i class=\"pvc-stats-icon medium\" aria-hidden=\"true\"><svg xmlns=\"http:\/\/www.w3.org\/2000\/svg\" version=\"1.0\" viewBox=\"0 0 502 315\" preserveAspectRatio=\"xMidYMid meet\"><g transform=\"translate(0,332) scale(0.1,-0.1)\" fill=\"\" stroke=\"none\"><path d=\"M2394 3279 l-29 -30 -3 -207 c-2 -182 0 -211 15 -242 39 -76 157 -76 196 0 15 31 17 60 15 243 l-3 209 -33 29 c-26 23 -41 29 -80 29 -41 0 -53 -5 -78 -31z\"\/><path d=\"M3085 3251 c-45 -19 -58 -50 -96 -229 -47 -217 -49 -260 -13 -295 52 -53 146 -42 177 20 16 31 87 366 87 410 0 70 -86 122 -155 94z\"\/><path d=\"M1751 3234 c-13 -9 -29 -31 -37 -50 -12 -29 -10 -49 21 -204 19 -94 39 -189 45 -210 14 -50 54 -80 110 -80 34 0 48 6 76 34 21 21 34 44 34 59 0 14 -18 113 -40 219 -37 178 -43 195 -70 221 -36 32 -101 37 -139 11z\"\/><path d=\"M1163 3073 c-36 -7 -73 -59 -73 -102 0 -56 133 -378 171 -413 34 -32 83 -37 129 -13 70 36 67 87 -16 290 -86 209 -89 214 -129 231 -35 14 -42 15 -82 7z\"\/><path d=\"M3689 3066 c-15 -9 -33 -30 -42 -48 -48 -103 -147 -355 -147 -375 0 -98 131 -148 192 -74 13 15 57 108 97 206 80 196 84 226 37 273 -30 30 -99 39 -137 18z\"\/><path d=\"M583 2784 c-38 -19 -67 -74 -58 -113 9 -42 211 -354 242 -373 16 -10 45 -18 66 -18 51 0 107 52 107 100 0 39 -1 41 -124 234 -80 126 -108 162 -133 173 -41 17 -61 16 -100 -3z\"\/><path d=\"M4250 2784 c-14 -9 -74 -91 -133 -183 -95 -150 -107 -173 -107 -213 0 -55 33 -94 87 -104 67 -13 90 8 211 198 130 202 137 225 78 284 -27 27 -42 34 -72 34 -22 0 -50 -8 -64 -16z\"\/><path d=\"M2275 2693 c-553 -48 -1095 -270 -1585 -649 -135 -104 -459 -423 -483 -476 -23 -49 -22 -139 2 -186 73 -142 361 -457 571 -626 285 -228 642 -407 990 -497 242 -63 336 -73 660 -74 310 0 370 5 595 52 535 111 1045 392 1455 803 122 121 250 273 275 326 19 41 19 137 0 174 -41 79 -309 363 -465 492 -447 370 -946 591 -1479 653 -113 14 -422 18 -536 8z m395 -428 c171 -34 330 -124 456 -258 112 -119 167 -219 211 -378 27 -96 24 -300 -5 -401 -72 -255 -236 -447 -474 -557 -132 -62 -201 -76 -368 -76 -167 0 -236 14 -368 76 -213 98 -373 271 -451 485 -162 444 86 934 547 1084 153 49 292 57 452 25z m909 -232 c222 -123 408 -262 593 -441 76 -74 138 -139 138 -144 0 -16 -233 -242 -330 -319 -155 -123 -309 -223 -461 -299 l-81 -41 32 46 c18 26 49 83 70 128 143 306 141 649 -6 957 -25 52 -61 116 -79 142 l-34 47 45 -20 c26 -10 76 -36 113 -56z m-2057 25 c-40 -58 -105 -190 -130 -263 -110 -324 -59 -707 132 -981 25 -35 42 -64 37 -64 -19 0 -241 119 -326 174 -188 122 -406 314 -532 468 l-58 71 108 103 c185 178 428 349 672 473 66 33 121 60 123 61 2 0 -10 -19 -26 -42z\"\/><path d=\"M2375 1950 c-198 -44 -350 -190 -395 -379 -18 -76 -8 -221 19 -290 114 -284 457 -406 731 -260 98 52 188 154 231 260 27 69 37 214 19 290 -38 163 -166 304 -326 360 -67 23 -215 33 -279 19z\"\/><\/g><\/svg><\/i> <img loading=\"lazy\" decoding=\"async\" width=\"16\" height=\"16\" alt=\"Loading\" src=\"https:\/\/www-2023.studenti.uniroma2.it\/wp-content\/plugins\/page-views-count\/ajax-loader-2x.gif\" border=0 \/><\/p>\n<div class=\"pvc_clear\"><\/div>\n","protected":false},"author":1001100,"featured_media":4039,"parent":0,"menu_order":0,"comment_status":"closed","ping_status":"closed","template":"","meta":{"_exactmetrics_skip_tracking":false,"_exactmetrics_sitenote_active":false,"_exactmetrics_sitenote_note":"","_exactmetrics_sitenote_category":0,"footnotes":""},"class_list":["post-4037","page","type-page","status-publish","has-post-thumbnail","hentry"],"yoast_head":"<!-- This site is optimized with the Yoast SEO plugin v26.6 - https:\/\/yoast.com\/wordpress\/plugins\/seo\/ -->\n<title>CARRIERA STUDENTE-ATLETA - Universit\u00e0 degli Studi di Roma Tor Vergata<\/title>\n<meta name=\"robots\" content=\"index, follow, max-snippet:-1, max-image-preview:large, max-video-preview:-1\" \/>\n<link rel=\"canonical\" href=\"https:\/\/www-2023.studenti.uniroma2.it\/it_it\/carriera-studente-atleta\/\" \/>\n<meta property=\"og:locale\" content=\"it_IT\" \/>\n<meta property=\"og:type\" content=\"article\" \/>\n<meta property=\"og:title\" content=\"CARRIERA STUDENTE-ATLETA - Universit\u00e0 degli Studi di Roma Tor Vergata\" \/>\n<meta property=\"og:description\" content=\"&nbsp; Introduzione L\u2019Universit\u00e0 degli Studi di Roma \u201cTor Vergata\u201d, di concerto con il Centro Universitario Sportivo \u2013 Roma Tor Vergata A.S.D., in conformit\u00e0 a quanto disposto dalla Carta Europea dello Sport e dalle Linee guida europee sulla doppia carriera, prevede per ciascun anno accademico che atleti, allenatori e arbitri d\u2019interesse nazionale ed internazionale vengano ammessi&hellip;\" \/>\n<meta property=\"og:url\" content=\"https:\/\/www-2023.studenti.uniroma2.it\/it_it\/carriera-studente-atleta\/\" \/>\n<meta property=\"og:site_name\" content=\"Universit\u00e0 degli Studi di Roma Tor Vergata\" \/>\n<meta property=\"article:publisher\" content=\"https:\/\/www.facebook.com\/torvergataorienta\/\" \/>\n<meta property=\"article:modified_time\" content=\"2025-10-10T08:15:57+00:00\" \/>\n<meta property=\"og:image\" content=\"https:\/\/www-2023.studenti.uniroma2.it\/wp-content\/uploads\/2023\/02\/Progetto-senza-titolo-1-1536x768-1.png\" \/>\n\t<meta property=\"og:image:width\" content=\"1536\" \/>\n\t<meta property=\"og:image:height\" content=\"768\" \/>\n\t<meta property=\"og:image:type\" content=\"image\/png\" \/>\n<meta name=\"twitter:card\" content=\"summary_large_image\" \/>\n<meta name=\"twitter:site\" content=\"@unitorvergata\" \/>\n<meta name=\"twitter:label1\" content=\"Tempo di lettura stimato\" \/>\n\t<meta name=\"twitter:data1\" content=\"3 minuti\" \/>\n<script type=\"application\/ld+json\" class=\"yoast-schema-graph\">{\"@context\":\"https:\/\/schema.org\",\"@graph\":[{\"@type\":\"WebPage\",\"@id\":\"https:\/\/www-2023.studenti.uniroma2.it\/it_it\/carriera-studente-atleta\/\",\"url\":\"https:\/\/www-2023.studenti.uniroma2.it\/it_it\/carriera-studente-atleta\/\",\"name\":\"CARRIERA STUDENTE-ATLETA - Universit\u00e0 degli Studi di Roma Tor Vergata\",\"isPartOf\":{\"@id\":\"https:\/\/www-2023.studenti.uniroma2.it\/it_it\/#website\"},\"primaryImageOfPage\":{\"@id\":\"https:\/\/www-2023.studenti.uniroma2.it\/it_it\/carriera-studente-atleta\/#primaryimage\"},\"image\":{\"@id\":\"https:\/\/www-2023.studenti.uniroma2.it\/it_it\/carriera-studente-atleta\/#primaryimage\"},\"thumbnailUrl\":\"https:\/\/www-2023.studenti.uniroma2.it\/wp-content\/uploads\/2023\/02\/Progetto-senza-titolo-1-1536x768-1.png\",\"datePublished\":\"2023-02-17T11:18:49+00:00\",\"dateModified\":\"2025-10-10T08:15:57+00:00\",\"breadcrumb\":{\"@id\":\"https:\/\/www-2023.studenti.uniroma2.it\/it_it\/carriera-studente-atleta\/#breadcrumb\"},\"inLanguage\":\"it-IT\",\"potentialAction\":[{\"@type\":\"ReadAction\",\"target\":[\"https:\/\/www-2023.studenti.uniroma2.it\/it_it\/carriera-studente-atleta\/\"]}]},{\"@type\":\"ImageObject\",\"inLanguage\":\"it-IT\",\"@id\":\"https:\/\/www-2023.studenti.uniroma2.it\/it_it\/carriera-studente-atleta\/#primaryimage\",\"url\":\"https:\/\/www-2023.studenti.uniroma2.it\/wp-content\/uploads\/2023\/02\/Progetto-senza-titolo-1-1536x768-1.png\",\"contentUrl\":\"https:\/\/www-2023.studenti.uniroma2.it\/wp-content\/uploads\/2023\/02\/Progetto-senza-titolo-1-1536x768-1.png\",\"width\":1536,\"height\":768},{\"@type\":\"BreadcrumbList\",\"@id\":\"https:\/\/www-2023.studenti.uniroma2.it\/it_it\/carriera-studente-atleta\/#breadcrumb\",\"itemListElement\":[{\"@type\":\"ListItem\",\"position\":1,\"name\":\"Home\",\"item\":\"https:\/\/www-2023.studenti.uniroma2.it\/it_it\/\"},{\"@type\":\"ListItem\",\"position\":2,\"name\":\"CARRIERA STUDENTE-ATLETA\"}]},{\"@type\":\"WebSite\",\"@id\":\"https:\/\/www-2023.studenti.uniroma2.it\/it_it\/#website\",\"url\":\"https:\/\/www-2023.studenti.uniroma2.it\/it_it\/\",\"name\":\"Universit\u00e0 degli Studi di Roma Tor Vergata\",\"description\":\"\",\"publisher\":{\"@id\":\"https:\/\/www-2023.studenti.uniroma2.it\/it_it\/#organization\"},\"potentialAction\":[{\"@type\":\"SearchAction\",\"target\":{\"@type\":\"EntryPoint\",\"urlTemplate\":\"https:\/\/www-2023.studenti.uniroma2.it\/it_it\/?s={search_term_string}\"},\"query-input\":{\"@type\":\"PropertyValueSpecification\",\"valueRequired\":true,\"valueName\":\"search_term_string\"}}],\"inLanguage\":\"it-IT\"},{\"@type\":\"Organization\",\"@id\":\"https:\/\/www-2023.studenti.uniroma2.it\/it_it\/#organization\",\"name\":\"Universit\u00e0 degli Studi di Roma Tor Vergata\",\"url\":\"https:\/\/www-2023.studenti.uniroma2.it\/it_it\/\",\"logo\":{\"@type\":\"ImageObject\",\"inLanguage\":\"it-IT\",\"@id\":\"https:\/\/www-2023.studenti.uniroma2.it\/it_it\/#\/schema\/logo\/image\/\",\"url\":\"https:\/\/www-2023.studenti.uniroma2.it\/wp-content\/uploads\/2024\/03\/cropped-cropped-cropped-logo-1-e1711183137281.png\",\"contentUrl\":\"https:\/\/www-2023.studenti.uniroma2.it\/wp-content\/uploads\/2024\/03\/cropped-cropped-cropped-logo-1-e1711183137281.png\",\"width\":500,\"height\":119,\"caption\":\"Universit\u00e0 degli Studi di Roma Tor Vergata\"},\"image\":{\"@id\":\"https:\/\/www-2023.studenti.uniroma2.it\/it_it\/#\/schema\/logo\/image\/\"},\"sameAs\":[\"https:\/\/www.facebook.com\/torvergataorienta\/\",\"https:\/\/x.com\/unitorvergata\",\"https:\/\/www.instagram.com\/torvergataorienta\/\",\"https:\/\/it.linkedin.com\/school\/university-of-rome-tor-vergata\/\",\"https:\/\/www.youtube.com\/channel\/UCC3NaJJw3rjKqqbV3-hmcgA\/\"]}]}<\/script>\n<!-- \/ Yoast SEO plugin. -->","yoast_head_json":{"title":"CARRIERA STUDENTE-ATLETA - Universit\u00e0 degli Studi di Roma Tor Vergata","robots":{"index":"index","follow":"follow","max-snippet":"max-snippet:-1","max-image-preview":"max-image-preview:large","max-video-preview":"max-video-preview:-1"},"canonical":"https:\/\/www-2023.studenti.uniroma2.it\/it_it\/carriera-studente-atleta\/","og_locale":"it_IT","og_type":"article","og_title":"CARRIERA STUDENTE-ATLETA - Universit\u00e0 degli Studi di Roma Tor Vergata","og_description":"&nbsp; Introduzione L\u2019Universit\u00e0 degli Studi di Roma \u201cTor Vergata\u201d, di concerto con il Centro Universitario Sportivo \u2013 Roma Tor Vergata A.S.D., in conformit\u00e0 a quanto disposto dalla Carta Europea dello Sport e dalle Linee guida europee sulla doppia carriera, prevede per ciascun anno accademico che atleti, allenatori e arbitri d\u2019interesse nazionale ed internazionale vengano ammessi&hellip;","og_url":"https:\/\/www-2023.studenti.uniroma2.it\/it_it\/carriera-studente-atleta\/","og_site_name":"Universit\u00e0 degli Studi di Roma Tor Vergata","article_publisher":"https:\/\/www.facebook.com\/torvergataorienta\/","article_modified_time":"2025-10-10T08:15:57+00:00","og_image":[{"width":1536,"height":768,"url":"https:\/\/www-2023.studenti.uniroma2.it\/wp-content\/uploads\/2023\/02\/Progetto-senza-titolo-1-1536x768-1.png","type":"image\/png"}],"twitter_card":"summary_large_image","twitter_site":"@unitorvergata","twitter_misc":{"Tempo di lettura stimato":"3 minuti"},"schema":{"@context":"https:\/\/schema.org","@graph":[{"@type":"WebPage","@id":"https:\/\/www-2023.studenti.uniroma2.it\/it_it\/carriera-studente-atleta\/","url":"https:\/\/www-2023.studenti.uniroma2.it\/it_it\/carriera-studente-atleta\/","name":"CARRIERA STUDENTE-ATLETA - Universit\u00e0 degli Studi di Roma Tor Vergata","isPartOf":{"@id":"https:\/\/www-2023.studenti.uniroma2.it\/it_it\/#website"},"primaryImageOfPage":{"@id":"https:\/\/www-2023.studenti.uniroma2.it\/it_it\/carriera-studente-atleta\/#primaryimage"},"image":{"@id":"https:\/\/www-2023.studenti.uniroma2.it\/it_it\/carriera-studente-atleta\/#primaryimage"},"thumbnailUrl":"https:\/\/www-2023.studenti.uniroma2.it\/wp-content\/uploads\/2023\/02\/Progetto-senza-titolo-1-1536x768-1.png","datePublished":"2023-02-17T11:18:49+00:00","dateModified":"2025-10-10T08:15:57+00:00","breadcrumb":{"@id":"https:\/\/www-2023.studenti.uniroma2.it\/it_it\/carriera-studente-atleta\/#breadcrumb"},"inLanguage":"it-IT","potentialAction":[{"@type":"ReadAction","target":["https:\/\/www-2023.studenti.uniroma2.it\/it_it\/carriera-studente-atleta\/"]}]},{"@type":"ImageObject","inLanguage":"it-IT","@id":"https:\/\/www-2023.studenti.uniroma2.it\/it_it\/carriera-studente-atleta\/#primaryimage","url":"https:\/\/www-2023.studenti.uniroma2.it\/wp-content\/uploads\/2023\/02\/Progetto-senza-titolo-1-1536x768-1.png","contentUrl":"https:\/\/www-2023.studenti.uniroma2.it\/wp-content\/uploads\/2023\/02\/Progetto-senza-titolo-1-1536x768-1.png","width":1536,"height":768},{"@type":"BreadcrumbList","@id":"https:\/\/www-2023.studenti.uniroma2.it\/it_it\/carriera-studente-atleta\/#breadcrumb","itemListElement":[{"@type":"ListItem","position":1,"name":"Home","item":"https:\/\/www-2023.studenti.uniroma2.it\/it_it\/"},{"@type":"ListItem","position":2,"name":"CARRIERA STUDENTE-ATLETA"}]},{"@type":"WebSite","@id":"https:\/\/www-2023.studenti.uniroma2.it\/it_it\/#website","url":"https:\/\/www-2023.studenti.uniroma2.it\/it_it\/","name":"Universit\u00e0 degli Studi di Roma Tor Vergata","description":"","publisher":{"@id":"https:\/\/www-2023.studenti.uniroma2.it\/it_it\/#organization"},"potentialAction":[{"@type":"SearchAction","target":{"@type":"EntryPoint","urlTemplate":"https:\/\/www-2023.studenti.uniroma2.it\/it_it\/?s={search_term_string}"},"query-input":{"@type":"PropertyValueSpecification","valueRequired":true,"valueName":"search_term_string"}}],"inLanguage":"it-IT"},{"@type":"Organization","@id":"https:\/\/www-2023.studenti.uniroma2.it\/it_it\/#organization","name":"Universit\u00e0 degli Studi di Roma Tor Vergata","url":"https:\/\/www-2023.studenti.uniroma2.it\/it_it\/","logo":{"@type":"ImageObject","inLanguage":"it-IT","@id":"https:\/\/www-2023.studenti.uniroma2.it\/it_it\/#\/schema\/logo\/image\/","url":"https:\/\/www-2023.studenti.uniroma2.it\/wp-content\/uploads\/2024\/03\/cropped-cropped-cropped-logo-1-e1711183137281.png","contentUrl":"https:\/\/www-2023.studenti.uniroma2.it\/wp-content\/uploads\/2024\/03\/cropped-cropped-cropped-logo-1-e1711183137281.png","width":500,"height":119,"caption":"Universit\u00e0 degli Studi di Roma Tor Vergata"},"image":{"@id":"https:\/\/www-2023.studenti.uniroma2.it\/it_it\/#\/schema\/logo\/image\/"},"sameAs":["https:\/\/www.facebook.com\/torvergataorienta\/","https:\/\/x.com\/unitorvergata","https:\/\/www.instagram.com\/torvergataorienta\/","https:\/\/it.linkedin.com\/school\/university-of-rome-tor-vergata\/","https:\/\/www.youtube.com\/channel\/UCC3NaJJw3rjKqqbV3-hmcgA\/"]}]}},"_links":{"self":[{"href":"https:\/\/www-2023.studenti.uniroma2.it\/it_it\/wp-json\/wp\/v2\/pages\/4037","targetHints":{"allow":["GET"]}}],"collection":[{"href":"https:\/\/www-2023.studenti.uniroma2.it\/it_it\/wp-json\/wp\/v2\/pages"}],"about":[{"href":"https:\/\/www-2023.studenti.uniroma2.it\/it_it\/wp-json\/wp\/v2\/types\/page"}],"author":[{"embeddable":true,"href":"https:\/\/www-2023.studenti.uniroma2.it\/it_it\/wp-json\/wp\/v2\/users\/1001100"}],"replies":[{"embeddable":true,"href":"https:\/\/www-2023.studenti.uniroma2.it\/it_it\/wp-json\/wp\/v2\/comments?post=4037"}],"version-history":[{"count":20,"href":"https:\/\/www-2023.studenti.uniroma2.it\/it_it\/wp-json\/wp\/v2\/pages\/4037\/revisions"}],"predecessor-version":[{"id":5625,"href":"https:\/\/www-2023.studenti.uniroma2.it\/it_it\/wp-json\/wp\/v2\/pages\/4037\/revisions\/5625"}],"wp:featuredmedia":[{"embeddable":true,"href":"https:\/\/www-2023.studenti.uniroma2.it\/it_it\/wp-json\/wp\/v2\/media\/4039"}],"wp:attachment":[{"href":"https:\/\/www-2023.studenti.uniroma2.it\/it_it\/wp-json\/wp\/v2\/media?parent=4037"}],"curies":[{"name":"wp","href":"https:\/\/api.w.org\/{rel}","templated":true}]}}